{"id":9509,"date":"2023-02-01T13:58:52","date_gmt":"2023-02-01T13:58:52","guid":{"rendered":"https:\/\/rewo.io\/?page_id=9509"},"modified":"2025-08-22T12:41:38","modified_gmt":"2025-08-22T12:41:38","slug":"jak-rewo-funguje","status":"publish","type":"page","link":"https:\/\/rewo.io\/cs\/how-rewo-works\/","title":{"rendered":"REWO.io | Jak v\u00e1m REWO pom\u00e1h\u00e1 rychleji standardizovat pr\u00e1ci | Procesy"},"content":{"rendered":"<p><\/p>\n\n\n\n<div class=\"wp-block-uagb-container uagb-block-cf6fdc2d alignwide uagb-is-root-container\">\n<div class=\"wp-block-uagb-container uagb-block-b5e3de55\">\n<div class=\"wp-block-uagb-info-box uagb-block-b00bbb4d uagb-infobox__content-wrap  uagb-infobox-icon-above-title uagb-infobox-image-valign-top\"><div class=\"uagb-ifb-content\"><div class=\"uagb-ifb-title-wrap\"><h1 class=\"uagb-ifb-title\">Jak REWO prom\u011b\u0148uje skryt\u00e9 know-how ve standardizovanou excelenci<\/h1><\/div><div class=\"uagb-ifb-desc\">\n<p>REWO v\u00e1m pom\u016f\u017ee zachytit odborn\u00e9 znalosti, p\u0159em\u011bnit je na vizu\u00e1ln\u00ed n\u00e1vody a udr\u017eovat je dostupn\u00e9, aktu\u00e1ln\u00ed a v\u00edcejazy\u010dn\u00e9 \u2014 tak\u017ee va\u0161e provozy u\u017e nikdy nebudou z\u00e1visl\u00e9 na dohadech.<\/p>\n<\/div><\/div><\/div>\n\n\n\n<div class=\"wp-block-uagb-buttons uagb-buttons__outer-wrap uagb-btn__default-btn uagb-btn-tablet__default-btn uagb-btn-mobile__default-btn uagb-block-bef2ab22\"><div class=\"uagb-buttons__wrap uagb-buttons-layout-wrap\">\n<div class=\"wp-block-uagb-buttons-child uagb-buttons__outer-wrap uagb-block-5c4ade24 wp-block-button\"><div class=\"uagb-button__wrapper\"><a class=\"uagb-buttons-repeater wp-block-button__link\" aria-label=\"\" href=\"#stepone\" rel=\"follow noopener\" target=\"_self\" role=\"button\"><div class=\"uagb-button__link\">Objevte proces REWO<\/div><span class=\"uagb-button__icon uagb-button__icon-position-after\"><svg xmlns=\"https:\/\/www.w3.org\/2000\/svg\" viewbox=\"0 0 320 512\" aria-hidden=\"true\" focussable=\"false\"><path d=\"M9.375 329.4c12.51-12.51 32.76-12.49 45.25 0L128 402.8V32c0-17.69 14.31-32 32-32s32 14.31 32 32v370.8l73.38-73.38c12.5-12.5 32.75-12.5 45.25 0s12.5 32.75 0 45.25l-128 128c-12.5 12.5-32.75 12.5-45.25 0l-128-128C-3.125 362.1-3.125 341.9 9.375 329.4z\"><\/path><\/svg><\/span><\/a><\/div><\/div>\n<\/div><\/div>\n<\/div>\n<\/div>\n\n\n\n<div style=\"height:40px\" aria-hidden=\"true\" class=\"wp-block-spacer\"><\/div>\n\n\n\n<div id=\"stepone\" class=\"wp-block-uagb-container uagb-block-738491b6 alignwide uagb-is-root-container\">\n<div class=\"wp-block-uagb-container uagb-block-6159528e\">\n<div class=\"wp-block-uagb-info-box uagb-block-df79e7ea uagb-infobox__content-wrap  uagb-infobox-icon-above-title uagb-infobox-image-valign-top\"><div class=\"uagb-ifb-content\"><div class=\"uagb-ifb-title-wrap\"><span class=\"uagb-ifb-title-prefix\">Krok 1 \u2013 Zachy\u0165te co je standardem<\/span><h2 class=\"uagb-ifb-title\">Zachy\u0165te to co skute\u010dn\u011b funguje na v\u00fdrobn\u00ed hale<\/h2><\/div><p class=\"uagb-ifb-desc\">Rychle zdokumentujte re\u00e1ln\u00e9 procesy \u2014 p\u0159\u00edmo od va\u0161ich zku\u0161en\u00fdch pracovn\u00edk\u016f. Pou\u017eijte mobiln\u00ed za\u0159\u00edzen\u00ed k zachycen\u00ed vide\u00ed a fotografi\u00ed p\u0159\u00edmo na m\u00edst\u011b. Tyto cenn\u00e9 zku\u0161enosti se stanou z\u00e1kladem spolehliv\u00fdch n\u00e1vod\u016f, bez nutnosti dohad\u016f.<\/p><\/div><\/div>\n\n\n\n<div class=\"wp-block-uagb-buttons uagb-buttons__outer-wrap uagb-btn__default-btn uagb-btn-tablet__default-btn uagb-btn-mobile__default-btn uagb-block-da9e3f1b\"><div class=\"uagb-buttons__wrap uagb-buttons-layout-wrap\">\n<div class=\"wp-block-uagb-buttons-child uagb-buttons__outer-wrap uagb-block-461f65ee wp-block-button\"><div class=\"uagb-button__wrapper\"><a class=\"uagb-buttons-repeater wp-block-button__link\" aria-label=\"\" href=\"#steptwo\" rel=\"follow noopener\" target=\"_self\" role=\"button\"><div class=\"uagb-button__link\">DAL\u0160\u00cd KROK<\/div><span class=\"uagb-button__icon uagb-button__icon-position-after\"><svg xmlns=\"https:\/\/www.w3.org\/2000\/svg\" viewbox=\"0 0 320 512\" aria-hidden=\"true\" focussable=\"false\"><path d=\"M9.375 329.4c12.51-12.51 32.76-12.49 45.25 0L128 402.8V32c0-17.69 14.31-32 32-32s32 14.31 32 32v370.8l73.38-73.38c12.5-12.5 32.75-12.5 45.25 0s12.5 32.75 0 45.25l-128 128c-12.5 12.5-32.75 12.5-45.25 0l-128-128C-3.125 362.1-3.125 341.9 9.375 329.4z\"><\/path><\/svg><\/span><\/a><\/div><\/div>\n<\/div><\/div>\n<\/div>\n\n\n\n<div class=\"wp-block-uagb-container uagb-block-aca4e828\">\n<div class=\"wp-block-uagb-image uagb-block-ce141ba8 wp-block-uagb-image--layout-default wp-block-uagb-image--effect-zoomin wp-block-uagb-image--align-none\"><figure class=\"wp-block-uagb-image__figure\"><img decoding=\"async\" data-srcset=\"https:\/\/rewo.io\/wp-content\/uploads\/2025\/08\/S1.jpg ,https:\/\/rewo.io\/wp-content\/uploads\/2025\/08\/S1.jpg 780w, https:\/\/rewo.io\/wp-content\/uploads\/2025\/08\/S1.jpg 360w\" data-sizes=\"auto, (max-width: 480px) 150px\" data-src=\"https:\/\/rewo.io\/wp-content\/uploads\/2025\/08\/S1.jpg\" alt=\"Mu\u017e zaznamen\u00e1vaj\u00edc\u00ed pracovn\u00ed proces\" class=\"uag-image-22085 lazyload\" width=\"600\" height=\"800\" title=\"S1\" role=\"img\" src=\"data:image\/svg+xml;base64,PHN2ZyB3aWR0aD0iMSIgaGVpZ2h0PSIxIiB4bWxucz0iaHR0cDovL3d3dy53My5vcmcvMjAwMC9zdmciPjwvc3ZnPg==\" style=\"--smush-placeholder-width: 600px; --smush-placeholder-aspect-ratio: 600\/800;\" \/><\/figure><\/div>\n<\/div>\n<\/div>\n\n\n\n<div style=\"height:40px\" aria-hidden=\"true\" class=\"wp-block-spacer\"><\/div>\n\n\n\n<div id=\"steptwo\" class=\"wp-block-uagb-container uagb-block-8cabff7d alignwide uagb-is-root-container\">\n<div class=\"wp-block-uagb-container uagb-block-8bcbc6f3\">\n<div class=\"wp-block-uagb-info-box uagb-block-6e950406 uagb-infobox__content-wrap  uagb-infobox-icon-above-title uagb-infobox-image-valign-top\"><div class=\"uagb-ifb-content\"><div class=\"uagb-ifb-title-wrap\"><span class=\"uagb-ifb-title-prefix\">Krok 2 \u2014 Vytvo\u0159te vizu\u00e1ln\u00ed n\u00e1vody<\/span><h2 class=\"uagb-ifb-title\">P\u0159em\u011b\u0148te znalosti na praktick\u00e9 vizu\u00e1ln\u00ed postupy<\/h2><\/div><p class=\"uagb-ifb-desc\">P\u0159eve\u010fte zachycen\u00fd obsah do jasn\u00fdch vizu\u00e1ln\u00edch n\u00e1vod\u016f krok za krokem. Pracovn\u00edci se u\u010d\u00ed rychleji d\u00edky vide\u00edm, pozn\u00e1mk\u00e1m a vizu\u00e1l\u016fm, kter\u00fdm okam\u017eit\u011b porozum\u00ed \u2014 co\u017e zrychluje \u0161kolen\u00ed a sni\u017euje chybovost.<\/p><\/div><\/div>\n\n\n\n<div class=\"wp-block-uagb-buttons uagb-buttons__outer-wrap uagb-btn__default-btn uagb-btn-tablet__default-btn uagb-btn-mobile__default-btn uagb-block-d5bd5711\"><div class=\"uagb-buttons__wrap uagb-buttons-layout-wrap\">\n<div class=\"wp-block-uagb-buttons-child uagb-buttons__outer-wrap uagb-block-283e6743 wp-block-button\"><div class=\"uagb-button__wrapper\"><a class=\"uagb-buttons-repeater wp-block-button__link\" aria-label=\"\" href=\"#stepthree\" rel=\"follow noopener\" target=\"_self\" role=\"button\"><div class=\"uagb-button__link\">DAL\u0160\u00cd KROK<\/div><span class=\"uagb-button__icon uagb-button__icon-position-after\"><svg xmlns=\"https:\/\/www.w3.org\/2000\/svg\" viewbox=\"0 0 320 512\" aria-hidden=\"true\" focussable=\"false\"><path d=\"M9.375 329.4c12.51-12.51 32.76-12.49 45.25 0L128 402.8V32c0-17.69 14.31-32 32-32s32 14.31 32 32v370.8l73.38-73.38c12.5-12.5 32.75-12.5 45.25 0s12.5 32.75 0 45.25l-128 128c-12.5 12.5-32.75 12.5-45.25 0l-128-128C-3.125 362.1-3.125 341.9 9.375 329.4z\"><\/path><\/svg><\/span><\/a><\/div><\/div>\n<\/div><\/div>\n<\/div>\n\n\n\n<div class=\"wp-block-uagb-container uagb-block-b99cd6e4\">\n<div class=\"wp-block-uagb-image uagb-block-1ab47582 wp-block-uagb-image--layout-default wp-block-uagb-image--effect-zoomin wp-block-uagb-image--align-none\"><figure class=\"wp-block-uagb-image__figure\"><img decoding=\"async\" data-srcset=\"https:\/\/rewo.io\/wp-content\/uploads\/2025\/08\/S2.jpg ,https:\/\/rewo.io\/wp-content\/uploads\/2025\/08\/S2.jpg 780w, https:\/\/rewo.io\/wp-content\/uploads\/2025\/08\/S2.jpg 360w\" data-sizes=\"auto, (max-width: 480px) 150px\" data-src=\"https:\/\/rewo.io\/wp-content\/uploads\/2025\/08\/S2.jpg\" alt=\"Mu\u017e pracuj\u00edc\u00ed na notebooku\" class=\"uag-image-22086 lazyload\" width=\"600\" height=\"800\" title=\"S2\" role=\"img\" src=\"data:image\/svg+xml;base64,PHN2ZyB3aWR0aD0iMSIgaGVpZ2h0PSIxIiB4bWxucz0iaHR0cDovL3d3dy53My5vcmcvMjAwMC9zdmciPjwvc3ZnPg==\" style=\"--smush-placeholder-width: 600px; --smush-placeholder-aspect-ratio: 600\/800;\" \/><\/figure><\/div>\n<\/div>\n<\/div>\n\n\n\n<div style=\"height:40px\" aria-hidden=\"true\" class=\"wp-block-spacer\"><\/div>\n\n\n\n<div id=\"stepthree\" class=\"wp-block-uagb-container uagb-block-84d070f8 alignwide uagb-is-root-container\">\n<div class=\"wp-block-uagb-container uagb-block-d561cf4f\">\n<div class=\"wp-block-uagb-info-box uagb-block-82aad0ae uagb-infobox__content-wrap  uagb-infobox-icon-above-title uagb-infobox-image-valign-top\"><div class=\"uagb-ifb-content\"><div class=\"uagb-ifb-title-wrap\"><span class=\"uagb-ifb-title-prefix\">Krok 3 \u2014 Distribuujte, p\u0159ekl\u00e1dejte a aktualizujte automaticky<\/span><h2 class=\"uagb-ifb-title\">Automaticky aktualizujte, p\u0159ekl\u00e1dejte a doru\u010dujte n\u00e1vody<\/h2><\/div><p class=\"uagb-ifb-desc\">Jakmile jsou n\u00e1vody schv\u00e1leny, REWO je automaticky aktualizuje, distribuuje a p\u0159ekl\u00e1d\u00e1 do jak\u00e9hokoli jazyka. \u017d\u00e1dn\u00fd tisk, \u017e\u00e1dn\u00e9 znovunahr\u00e1v\u00e1n\u00ed. T\u00fdmy maj\u00ed v\u017edy k dispozici nejnov\u011bj\u0161\u00ed verzi na jak\u00e9mkoli za\u0159\u00edzen\u00ed \u2014 ve sv\u00e9m rodn\u00e9m jazyce.<\/p><\/div><\/div>\n\n\n\n<div class=\"wp-block-uagb-buttons uagb-buttons__outer-wrap uagb-btn__default-btn uagb-btn-tablet__default-btn uagb-btn-mobile__default-btn uagb-block-5b8890e9\"><div class=\"uagb-buttons__wrap uagb-buttons-layout-wrap\">\n<div class=\"wp-block-uagb-buttons-child uagb-buttons__outer-wrap uagb-block-1edbea49 wp-block-button\"><div class=\"uagb-button__wrapper\"><a class=\"uagb-buttons-repeater wp-block-button__link\" aria-label=\"\" href=\"#stepfour\" rel=\"follow noopener\" target=\"_self\" role=\"button\"><div class=\"uagb-button__link\">DAL\u0160\u00cd KROK<\/div><span class=\"uagb-button__icon uagb-button__icon-position-after\"><svg xmlns=\"https:\/\/www.w3.org\/2000\/svg\" viewbox=\"0 0 320 512\" aria-hidden=\"true\" focussable=\"false\"><path d=\"M9.375 329.4c12.51-12.51 32.76-12.49 45.25 0L128 402.8V32c0-17.69 14.31-32 32-32s32 14.31 32 32v370.8l73.38-73.38c12.5-12.5 32.75-12.5 45.25 0s12.5 32.75 0 45.25l-128 128c-12.5 12.5-32.75 12.5-45.25 0l-128-128C-3.125 362.1-3.125 341.9 9.375 329.4z\"><\/path><\/svg><\/span><\/a><\/div><\/div>\n<\/div><\/div>\n<\/div>\n\n\n\n<div class=\"wp-block-uagb-container uagb-block-2eb80f7f\">\n<div class=\"wp-block-uagb-image uagb-block-895b2d0f wp-block-uagb-image--layout-default wp-block-uagb-image--effect-zoomin wp-block-uagb-image--align-none\"><figure class=\"wp-block-uagb-image__figure\"><img decoding=\"async\" data-srcset=\"https:\/\/rewo.io\/wp-content\/uploads\/2025\/08\/S3.jpg ,https:\/\/rewo.io\/wp-content\/uploads\/2025\/08\/S3.jpg 780w, https:\/\/rewo.io\/wp-content\/uploads\/2025\/08\/S3.jpg 360w\" data-sizes=\"auto, (max-width: 480px) 150px\" data-src=\"https:\/\/rewo.io\/wp-content\/uploads\/2025\/08\/S3.jpg\" alt=\"Server\" class=\"uag-image-22088 lazyload\" width=\"600\" height=\"800\" title=\"S3\" role=\"img\" src=\"data:image\/svg+xml;base64,PHN2ZyB3aWR0aD0iMSIgaGVpZ2h0PSIxIiB4bWxucz0iaHR0cDovL3d3dy53My5vcmcvMjAwMC9zdmciPjwvc3ZnPg==\" style=\"--smush-placeholder-width: 600px; --smush-placeholder-aspect-ratio: 600\/800;\" \/><\/figure><\/div>\n<\/div>\n<\/div>\n\n\n\n<div style=\"height:40px\" aria-hidden=\"true\" class=\"wp-block-spacer\"><\/div>\n\n\n\n<div id=\"stepfour\" class=\"wp-block-uagb-container uagb-block-9dd1f9bd alignwide uagb-is-root-container\">\n<div class=\"wp-block-uagb-container uagb-block-7b141ea9\">\n<div class=\"wp-block-uagb-info-box uagb-block-7d42a2e4 uagb-infobox__content-wrap  uagb-infobox-icon-above-title uagb-infobox-image-valign-top\"><div class=\"uagb-ifb-content\"><div class=\"uagb-ifb-title-wrap\"><span class=\"uagb-ifb-title-prefix\">Krok 4 \u2014 Spolehliv\u011b p\u0159edejte znalosti<\/span><h2 class=\"uagb-ifb-title\">Vy\u0161kolte kohokoli, aby pracoval jako odborn\u00edk<\/h2><\/div><p class=\"uagb-ifb-desc\">Snadno vy\u0161kolte pracovn\u00edky \u2014 i ty bez p\u0159edchoz\u00edch zku\u0161enost\u00ed \u2014 pomoc\u00ed standardizovan\u00fdch vizu\u00e1ln\u00edch pracovn\u00edch n\u00e1vod\u016f. Vytv\u00e1\u0159ejte strukturovan\u00e9 vzd\u011bl\u00e1vac\u00ed cesty s vestav\u011bn\u00fdmi kv\u00edzy, formul\u00e1\u0159i pro zp\u011btnou vazbu a sledov\u00e1n\u00edm pokroku. A\u0165 u\u017e zau\u010dujete nov\u00e9 zam\u011bstnance nebo rozv\u00edj\u00edte st\u00e1vaj\u00edc\u00ed t\u00fdm, REWO zaji\u0161\u0165uje konzistentn\u00ed v\u00fdkon na \u00farovni odborn\u00edk\u016f nap\u0159\u00ed\u010d cel\u00fdm t\u00fdmem.<\/p><\/div><\/div>\n\n\n\n<div class=\"wp-block-uagb-buttons uagb-buttons__outer-wrap uagb-btn__default-btn uagb-btn-tablet__default-btn uagb-btn-mobile__default-btn uagb-block-5bd25d9a\"><div class=\"uagb-buttons__wrap uagb-buttons-layout-wrap\">\n<div class=\"wp-block-uagb-buttons-child uagb-buttons__outer-wrap uagb-block-ab99a8d1 wp-block-button\"><div class=\"uagb-button__wrapper\"><a class=\"uagb-buttons-repeater wp-block-button__link\" aria-label=\"\" href=\"#stepfive\" rel=\"follow noopener\" target=\"_self\" role=\"button\"><div class=\"uagb-button__link\">DAL\u0160\u00cd KROK<\/div><span class=\"uagb-button__icon uagb-button__icon-position-after\"><svg xmlns=\"https:\/\/www.w3.org\/2000\/svg\" viewbox=\"0 0 320 512\" aria-hidden=\"true\" focussable=\"false\"><path d=\"M9.375 329.4c12.51-12.51 32.76-12.49 45.25 0L128 402.8V32c0-17.69 14.31-32 32-32s32 14.31 32 32v370.8l73.38-73.38c12.5-12.5 32.75-12.5 45.25 0s12.5 32.75 0 45.25l-128 128c-12.5 12.5-32.75 12.5-45.25 0l-128-128C-3.125 362.1-3.125 341.9 9.375 329.4z\"><\/path><\/svg><\/span><\/a><\/div><\/div>\n<\/div><\/div>\n<\/div>\n\n\n\n<div class=\"wp-block-uagb-container uagb-block-448940b9\">\n<div class=\"wp-block-uagb-image uagb-block-a090798d wp-block-uagb-image--layout-default wp-block-uagb-image--effect-zoomin wp-block-uagb-image--align-none\"><figure class=\"wp-block-uagb-image__figure\"><img decoding=\"async\" data-srcset=\"https:\/\/rewo.io\/wp-content\/uploads\/2025\/08\/S4.jpg ,https:\/\/rewo.io\/wp-content\/uploads\/2025\/08\/S4.jpg 780w, https:\/\/rewo.io\/wp-content\/uploads\/2025\/08\/S4.jpg 360w\" data-sizes=\"auto, (max-width: 480px) 150px\" data-src=\"https:\/\/rewo.io\/wp-content\/uploads\/2025\/08\/S4.jpg\" alt=\"Mu\u017e sleduj\u00edc\u00ed pracovn\u00ed pokyny\" class=\"uag-image-22089 lazyload\" width=\"600\" height=\"800\" title=\"S4\" role=\"img\" src=\"data:image\/svg+xml;base64,PHN2ZyB3aWR0aD0iMSIgaGVpZ2h0PSIxIiB4bWxucz0iaHR0cDovL3d3dy53My5vcmcvMjAwMC9zdmciPjwvc3ZnPg==\" style=\"--smush-placeholder-width: 600px; --smush-placeholder-aspect-ratio: 600\/800;\" \/><\/figure><\/div>\n<\/div>\n<\/div>\n\n\n\n<div style=\"height:40px\" aria-hidden=\"true\" class=\"wp-block-spacer\"><\/div>\n\n\n\n<div id=\"stepfive\" class=\"wp-block-uagb-container uagb-block-2f934407 alignwide uagb-is-root-container\">\n<div class=\"wp-block-uagb-container uagb-block-1a6a5bb8\">\n<div class=\"wp-block-uagb-info-box uagb-block-1d9993ce uagb-infobox__content-wrap  uagb-infobox-icon-above-title uagb-infobox-image-valign-top\"><div class=\"uagb-ifb-content\"><div class=\"uagb-ifb-title-wrap\"><span class=\"uagb-ifb-title-prefix\">Krok 5 \u2014 Vybudujte \u017eivou znalostn\u00ed z\u00e1kladnu<\/span><h2 class=\"uagb-ifb-title\">Udr\u017eujte znalosti \u017eiv\u00e9 a dostupn\u00e9<\/h2><\/div><p class=\"uagb-ifb-desc\">Ka\u017ed\u00fd n\u00e1vod, kurz nebo manu\u00e1l, kter\u00fd vytvo\u0159\u00edte, se st\u00e1v\u00e1 sou\u010d\u00e1st\u00ed centralizovan\u00e9 a vyhled\u00e1vateln\u00e9 znalostn\u00ed z\u00e1kladny. Nikdy neztra\u0165te kl\u00ed\u010dov\u00e9 know-how, kdy\u017e lid\u00e9 odejdou do d\u016fchodu nebo opust\u00ed firmu. Umo\u017en\u011bte nep\u0159etr\u017eit\u00e9 u\u010den\u00ed a p\u0159\u00edstup k informac\u00edm nap\u0159\u00ed\u010d celou spole\u010dnost\u00ed.<\/p><\/div><\/div>\n\n\n\n<div class=\"wp-block-uagb-buttons uagb-buttons__outer-wrap uagb-btn__default-btn uagb-btn-tablet__default-btn uagb-btn-mobile__default-btn uagb-block-839c3732\"><div class=\"uagb-buttons__wrap uagb-buttons-layout-wrap\">\n<div class=\"wp-block-uagb-buttons-child uagb-buttons__outer-wrap uagb-block-51bf0548 wp-block-button\"><div class=\"uagb-button__wrapper\"><a class=\"uagb-buttons-repeater wp-block-button__link\" aria-label=\"\" href=\"https:\/\/rewo.io\/cs\/formular\/\" rel=\"follow noopener\" target=\"_self\" role=\"button\"><span class=\"uagb-button__icon uagb-button__icon-position-before\"><svg xmlns=\"https:\/\/www.w3.org\/2000\/svg\" viewbox=\"0 0 448 512\" aria-hidden=\"true\" focussable=\"false\"><path d=\"M438.6 278.6l-160 160C272.4 444.9 264.2 448 256 448s-16.38-3.125-22.62-9.375c-12.5-12.5-12.5-32.75 0-45.25L338.8 288H32C14.33 288 .0016 273.7 .0016 256S14.33 224 32 224h306.8l-105.4-105.4c-12.5-12.5-12.5-32.75 0-45.25s32.75-12.5 45.25 0l160 160C451.1 245.9 451.1 266.1 438.6 278.6z\"><\/path><\/svg><\/span><div class=\"uagb-button__link\">REZERVUJTE SI UK\u00c1ZKU<\/div><\/a><\/div><\/div>\n<\/div><\/div>\n<\/div>\n\n\n\n<div class=\"wp-block-uagb-container uagb-block-0e7f8823\">\n<div class=\"wp-block-uagb-image uagb-block-81bc7ff9 wp-block-uagb-image--layout-default wp-block-uagb-image--effect-zoomin wp-block-uagb-image--align-none\"><figure class=\"wp-block-uagb-image__figure\"><img decoding=\"async\" data-srcset=\"https:\/\/rewo.io\/wp-content\/uploads\/2025\/08\/S5.jpg ,https:\/\/rewo.io\/wp-content\/uploads\/2025\/08\/S5.jpg 780w, https:\/\/rewo.io\/wp-content\/uploads\/2025\/08\/S5.jpg 360w\" data-sizes=\"auto, (max-width: 480px) 150px\" data-src=\"https:\/\/rewo.io\/wp-content\/uploads\/2025\/08\/S5.jpg\" alt=\"Skupina tov\u00e1rn\u00edch d\u011bln\u00edk\u016f\" class=\"uag-image-22090 lazyload\" width=\"600\" height=\"800\" title=\"S5\" role=\"img\" src=\"data:image\/svg+xml;base64,PHN2ZyB3aWR0aD0iMSIgaGVpZ2h0PSIxIiB4bWxucz0iaHR0cDovL3d3dy53My5vcmcvMjAwMC9zdmciPjwvc3ZnPg==\" style=\"--smush-placeholder-width: 600px; --smush-placeholder-aspect-ratio: 600\/800;\" \/><\/figure><\/div>\n<\/div>\n<\/div>\n\n\n\n<div style=\"height:40px\" aria-hidden=\"true\" class=\"wp-block-spacer\"><\/div>\n\n\n\n<div class=\"wp-block-uagb-container uagb-block-fa8cb3bf alignwide uagb-is-root-container\">\n<div class=\"wp-block-uagb-container uagb-block-7f75b6ec\">\n<div class=\"wp-block-uagb-info-box uagb-block-6d523725 uagb-infobox__content-wrap  uagb-infobox-icon-above-title uagb-infobox-image-valign-top\"><div class=\"uagb-ifb-content\"><div class=\"uagb-ifb-title-wrap\"><h1 class=\"uagb-ifb-title\">Chytr\u00e9, bezpe\u010dn\u00e9 a efektivn\u00ed.<\/h1><\/div><p class=\"uagb-ifb-desc\">REWO bylo vyvinuto v\u00fdrobci, aby pomohlo v\u00fdrobc\u016fm. Objednejte si uk\u00e1zku a uvid\u00edte ji v akci je\u0161t\u011b dnes!<\/p><\/div><\/div>\n\n\n\n<div class=\"wp-block-uagb-buttons uagb-buttons__outer-wrap uagb-btn__default-btn uagb-btn-tablet__default-btn uagb-btn-mobile__default-btn uagb-block-cc79c109\"><div class=\"uagb-buttons__wrap uagb-buttons-layout-wrap\">\n<div class=\"wp-block-uagb-buttons-child uagb-buttons__outer-wrap uagb-block-cafd2dc6 wp-block-button\"><div class=\"uagb-button__wrapper\"><a class=\"uagb-buttons-repeater wp-block-button__link\" aria-label=\"\" href=\"https:\/\/rewo.io\/cs\/formular\/\" rel=\"follow noopener\" target=\"_self\" role=\"button\"><div class=\"uagb-button__link\">REZERVUJTE SI UK\u00c1ZKU<\/div><\/a><\/div><\/div>\n\n\n\n<div class=\"wp-block-uagb-buttons-child uagb-buttons__outer-wrap uagb-block-aa94abf8 wp-block-button\"><div class=\"uagb-button__wrapper\"><a class=\"uagb-buttons-repeater wp-block-button__link\" aria-label=\"\" href=\"https:\/\/rewo.io\/cs\/vlastnosti-produktu\/\" rel=\"follow noopener\" target=\"_self\" role=\"button\"><div class=\"uagb-button__link\">VLASTNOSTI PRODUKTU<\/div><\/a><\/div><\/div>\n<\/div><\/div>\n<\/div>\n<\/div>","protected":false},"excerpt":{"rendered":"","protected":false},"author":2,"featured_media":0,"parent":0,"menu_order":0,"comment_status":"closed","ping_status":"closed","template":"","meta":{"content-type":"","_uag_custom_page_level_css":"","site-sidebar-layout":"default","site-content-layout":"plain-container","ast-site-content-layout":"normal-width-container","site-content-style":"unboxed","site-sidebar-style":"unboxed","ast-global-header-display":"","ast-banner-title-visibility":"","ast-main-header-display":"","ast-hfb-above-header-display":"","ast-hfb-below-header-display":"","ast-hfb-mobile-header-display":"","site-post-title":"disabled","ast-breadcrumbs-content":"","ast-featured-img":"","footer-sml-layout":"","ast-disable-related-posts":"","theme-transparent-header-meta":"","adv-header-id-meta":"","stick-header-meta":"","header-above-stick-meta":"","header-main-stick-meta":"","header-below-stick-meta":"","astra-migrate-meta-layouts":"set","ast-page-background-enabled":"default","ast-page-background-meta":{"desktop":{"background-color":"","background-image":"","background-repeat":"repeat","background-position":"center center","background-size":"auto","background-attachment":"scroll","background-type":"","background-media":"","overlay-type":"","overlay-color":"","overlay-opacity":"","overlay-gradient":""},"tablet":{"background-color":"","background-image":"","background-repeat":"repeat","background-position":"center center","background-size":"auto","background-attachment":"scroll","background-type":"","background-media":"","overlay-type":"","overlay-color":"","overlay-opacity":"","overlay-gradient":""},"mobile":{"background-color":"","background-image":"","background-repeat":"repeat","background-position":"center center","background-size":"auto","background-attachment":"scroll","background-type":"","background-media":"","overlay-type":"","overlay-color":"","overlay-opacity":"","overlay-gradient":""}},"ast-content-background-meta":{"desktop":{"background-color":"var(--ast-global-color-5)","background-image":"","background-repeat":"repeat","background-position":"center center","background-size":"auto","background-attachment":"scroll","background-type":"","background-media":"","overlay-type":"","overlay-color":"","overlay-opacity":"","overlay-gradient":""},"tablet":{"background-color":"var(--ast-global-color-5)","background-image":"","background-repeat":"repeat","background-position":"center center","background-size":"auto","background-attachment":"scroll","background-type":"","background-media":"","overlay-type":"","overlay-color":"","overlay-opacity":"","overlay-gradient":""},"mobile":{"background-color":"var(--ast-global-color-5)","background-image":"","background-repeat":"repeat","background-position":"center center","background-size":"auto","background-attachment":"scroll","background-type":"","background-media":"","overlay-type":"","overlay-color":"","overlay-opacity":"","overlay-gradient":""}},"footnotes":""},"folder":[],"class_list":["post-9509","page","type-page","status-publish","hentry"],"uagb_featured_image_src":{"full":false,"thumbnail":false,"medium":false,"medium_large":false,"large":false,"1536x1536":false,"2048x2048":false,"trp-custom-language-flag":false},"uagb_author_info":{"display_name":"VIAR","author_link":"https:\/\/rewo.io\/cs\/author\/viar\/"},"uagb_comment_info":0,"uagb_excerpt":null,"_links":{"self":[{"href":"https:\/\/rewo.io\/cs\/wp-json\/wp\/v2\/pages\/9509","targetHints":{"allow":["GET"]}}],"collection":[{"href":"https:\/\/rewo.io\/cs\/wp-json\/wp\/v2\/pages"}],"about":[{"href":"https:\/\/rewo.io\/cs\/wp-json\/wp\/v2\/types\/page"}],"author":[{"embeddable":true,"href":"https:\/\/rewo.io\/cs\/wp-json\/wp\/v2\/users\/2"}],"replies":[{"embeddable":true,"href":"https:\/\/rewo.io\/cs\/wp-json\/wp\/v2\/comments?post=9509"}],"version-history":[{"count":0,"href":"https:\/\/rewo.io\/cs\/wp-json\/wp\/v2\/pages\/9509\/revisions"}],"wp:attachment":[{"href":"https:\/\/rewo.io\/cs\/wp-json\/wp\/v2\/media?parent=9509"}],"wp:term":[{"taxonomy":"folder","embeddable":true,"href":"https:\/\/rewo.io\/cs\/wp-json\/wp\/v2\/folder?post=9509"}],"curies":[{"name":"wp","href":"https:\/\/api.w.org\/{rel}","templated":true}]}}