{"id":9509,"date":"2023-02-01T13:58:52","date_gmt":"2023-02-01T13:58:52","guid":{"rendered":"https:\/\/rewo.io\/?page_id=9509"},"modified":"2025-08-22T12:41:38","modified_gmt":"2025-08-22T12:41:38","slug":"wie-rewo-funktioniert","status":"publish","type":"page","link":"https:\/\/rewo.io\/de\/how-rewo-works\/","title":{"rendered":"REWO.io | Wie REWO Ihnen hilft, Arbeit schneller zu standardisieren | Prozess"},"content":{"rendered":"<p><\/p>\n\n\n\n<div class=\"wp-block-uagb-container uagb-block-cf6fdc2d alignwide uagb-is-root-container\">\n<div class=\"wp-block-uagb-container uagb-block-b5e3de55\">\n<div class=\"wp-block-uagb-info-box uagb-block-b00bbb4d uagb-infobox__content-wrap  uagb-infobox-icon-above-title uagb-infobox-image-valign-top\"><div class=\"uagb-ifb-content\"><div class=\"uagb-ifb-title-wrap\"><h1 class=\"uagb-ifb-title\">Wie REWO implizites Wissen in wiederholbare Exzellenz verwandelt<\/h1><\/div><div class=\"uagb-ifb-desc\">\n<p>REWO hilft Ihnen, Expertenwissen zu erfassen, in visuelle Anleitungen zu \u00fcberf\u00fchren und diese zug\u00e4nglich, aktuell und mehrsprachig bereitzustellen \u2013 damit Ihre Abl\u00e4ufe nie wieder auf Vermutungen beruhen.<\/p>\n<\/div><\/div><\/div>\n\n\n\n<div class=\"wp-block-uagb-buttons uagb-buttons__outer-wrap uagb-btn__default-btn uagb-btn-tablet__default-btn uagb-btn-mobile__default-btn uagb-block-bef2ab22\"><div class=\"uagb-buttons__wrap uagb-buttons-layout-wrap\">\n<div class=\"wp-block-uagb-buttons-child uagb-buttons__outer-wrap uagb-block-5c4ade24 wp-block-button\"><div class=\"uagb-button__wrapper\"><a class=\"uagb-buttons-repeater wp-block-button__link\" aria-label=\"\" href=\"#stepone\" rel=\"follow noopener\" target=\"_self\" role=\"button\"><div class=\"uagb-button__link\">ERFAHREN SIE MEHR \u00dcBER DEN REWO-PROZESS<\/div><span class=\"uagb-button__icon uagb-button__icon-position-after\"><svg xmlns=\"https:\/\/www.w3.org\/2000\/svg\" viewbox=\"0 0 320 512\" aria-hidden=\"true\" focussable=\"false\"><path d=\"M9.375 329.4c12.51-12.51 32.76-12.49 45.25 0L128 402.8V32c0-17.69 14.31-32 32-32s32 14.31 32 32v370.8l73.38-73.38c12.5-12.5 32.75-12.5 45.25 0s12.5 32.75 0 45.25l-128 128c-12.5 12.5-32.75 12.5-45.25 0l-128-128C-3.125 362.1-3.125 341.9 9.375 329.4z\"><\/path><\/svg><\/span><\/a><\/div><\/div>\n<\/div><\/div>\n<\/div>\n<\/div>\n\n\n\n<div style=\"height:40px\" aria-hidden=\"true\" class=\"wp-block-spacer\"><\/div>\n\n\n\n<div id=\"stepone\" class=\"wp-block-uagb-container uagb-block-738491b6 alignwide uagb-is-root-container\">\n<div class=\"wp-block-uagb-container uagb-block-6159528e\">\n<div class=\"wp-block-uagb-info-box uagb-block-df79e7ea uagb-infobox__content-wrap  uagb-infobox-icon-above-title uagb-infobox-image-valign-top\"><div class=\"uagb-ifb-content\"><div class=\"uagb-ifb-title-wrap\"><span class=\"uagb-ifb-title-prefix\">Schritt 1 \u2014 Expertenwissen erfassen<\/span><h2 class=\"uagb-ifb-title\">Erfassen Sie, was auf dem Shopfloor wirklich funktioniert<\/h2><\/div><p class=\"uagb-ifb-desc\">Dokumentieren Sie reale Arbeitsprozesse schnell und pr\u00e4zise \u2013 direkt von Ihren erfahrenen Mitarbeitenden. Nutzen Sie mobile Ger\u00e4te, um vor Ort Videos und Fotos aufzunehmen. Dieses praxisnahe Wissen bildet die Grundlage f\u00fcr zuverl\u00e4ssige Anleitungen \u2013 ganz ohne R\u00e4tselraten.<\/p><\/div><\/div>\n\n\n\n<div class=\"wp-block-uagb-buttons uagb-buttons__outer-wrap uagb-btn__default-btn uagb-btn-tablet__default-btn uagb-btn-mobile__default-btn uagb-block-da9e3f1b\"><div class=\"uagb-buttons__wrap uagb-buttons-layout-wrap\">\n<div class=\"wp-block-uagb-buttons-child uagb-buttons__outer-wrap uagb-block-461f65ee wp-block-button\"><div class=\"uagb-button__wrapper\"><a class=\"uagb-buttons-repeater wp-block-button__link\" aria-label=\"\" href=\"#steptwo\" rel=\"follow noopener\" target=\"_self\" role=\"button\"><div class=\"uagb-button__link\">N\u00c4CHSTER SCHRITT<\/div><span class=\"uagb-button__icon uagb-button__icon-position-after\"><svg xmlns=\"https:\/\/www.w3.org\/2000\/svg\" viewbox=\"0 0 320 512\" aria-hidden=\"true\" focussable=\"false\"><path d=\"M9.375 329.4c12.51-12.51 32.76-12.49 45.25 0L128 402.8V32c0-17.69 14.31-32 32-32s32 14.31 32 32v370.8l73.38-73.38c12.5-12.5 32.75-12.5 45.25 0s12.5 32.75 0 45.25l-128 128c-12.5 12.5-32.75 12.5-45.25 0l-128-128C-3.125 362.1-3.125 341.9 9.375 329.4z\"><\/path><\/svg><\/span><\/a><\/div><\/div>\n<\/div><\/div>\n<\/div>\n\n\n\n<div class=\"wp-block-uagb-container uagb-block-aca4e828\">\n<div class=\"wp-block-uagb-image uagb-block-ce141ba8 wp-block-uagb-image--layout-default wp-block-uagb-image--effect-zoomin wp-block-uagb-image--align-none\"><figure class=\"wp-block-uagb-image__figure\"><img decoding=\"async\" data-srcset=\"https:\/\/rewo.io\/wp-content\/uploads\/2025\/08\/S1.jpg ,https:\/\/rewo.io\/wp-content\/uploads\/2025\/08\/S1.jpg 780w, https:\/\/rewo.io\/wp-content\/uploads\/2025\/08\/S1.jpg 360w\" data-sizes=\"auto, (max-width: 480px) 150px\" data-src=\"https:\/\/rewo.io\/wp-content\/uploads\/2025\/08\/S1.jpg\" alt=\"Ein Mann, der einen Arbeitsprozess aufzeichnet\" class=\"uag-image-22085 lazyload\" width=\"600\" height=\"800\" title=\"S1\" role=\"img\" src=\"data:image\/svg+xml;base64,PHN2ZyB3aWR0aD0iMSIgaGVpZ2h0PSIxIiB4bWxucz0iaHR0cDovL3d3dy53My5vcmcvMjAwMC9zdmciPjwvc3ZnPg==\" style=\"--smush-placeholder-width: 600px; --smush-placeholder-aspect-ratio: 600\/800;\" \/><\/figure><\/div>\n<\/div>\n<\/div>\n\n\n\n<div style=\"height:40px\" aria-hidden=\"true\" class=\"wp-block-spacer\"><\/div>\n\n\n\n<div id=\"steptwo\" class=\"wp-block-uagb-container uagb-block-8cabff7d alignwide uagb-is-root-container\">\n<div class=\"wp-block-uagb-container uagb-block-8bcbc6f3\">\n<div class=\"wp-block-uagb-info-box uagb-block-6e950406 uagb-infobox__content-wrap  uagb-infobox-icon-above-title uagb-infobox-image-valign-top\"><div class=\"uagb-ifb-content\"><div class=\"uagb-ifb-title-wrap\"><span class=\"uagb-ifb-title-prefix\">Schritt 2 \u2014 Visuelle Anleitungen erstellen<\/span><h2 class=\"uagb-ifb-title\">Verwandeln Sie Wissen in umsetzbare visuelle Anleitungen<\/h2><\/div><p class=\"uagb-ifb-desc\">Wandeln Sie erfasstes Wissen in klare, visuelle Schritt-f\u00fcr-Schritt-Anleitungen um. Mitarbeitende lernen schneller mit Videos, Anmerkungen und verst\u00e4ndlichen visuellen Hilfen \u2013 das beschleunigt die Schulung und reduziert Fehler.<\/p><\/div><\/div>\n\n\n\n<div class=\"wp-block-uagb-buttons uagb-buttons__outer-wrap uagb-btn__default-btn uagb-btn-tablet__default-btn uagb-btn-mobile__default-btn uagb-block-d5bd5711\"><div class=\"uagb-buttons__wrap uagb-buttons-layout-wrap\">\n<div class=\"wp-block-uagb-buttons-child uagb-buttons__outer-wrap uagb-block-283e6743 wp-block-button\"><div class=\"uagb-button__wrapper\"><a class=\"uagb-buttons-repeater wp-block-button__link\" aria-label=\"\" href=\"#stepthree\" rel=\"follow noopener\" target=\"_self\" role=\"button\"><div class=\"uagb-button__link\">N\u00c4CHSTER SCHRITT<\/div><span class=\"uagb-button__icon uagb-button__icon-position-after\"><svg xmlns=\"https:\/\/www.w3.org\/2000\/svg\" viewbox=\"0 0 320 512\" aria-hidden=\"true\" focussable=\"false\"><path d=\"M9.375 329.4c12.51-12.51 32.76-12.49 45.25 0L128 402.8V32c0-17.69 14.31-32 32-32s32 14.31 32 32v370.8l73.38-73.38c12.5-12.5 32.75-12.5 45.25 0s12.5 32.75 0 45.25l-128 128c-12.5 12.5-32.75 12.5-45.25 0l-128-128C-3.125 362.1-3.125 341.9 9.375 329.4z\"><\/path><\/svg><\/span><\/a><\/div><\/div>\n<\/div><\/div>\n<\/div>\n\n\n\n<div class=\"wp-block-uagb-container uagb-block-b99cd6e4\">\n<div class=\"wp-block-uagb-image uagb-block-1ab47582 wp-block-uagb-image--layout-default wp-block-uagb-image--effect-zoomin wp-block-uagb-image--align-none\"><figure class=\"wp-block-uagb-image__figure\"><img decoding=\"async\" data-srcset=\"https:\/\/rewo.io\/wp-content\/uploads\/2025\/08\/S2.jpg ,https:\/\/rewo.io\/wp-content\/uploads\/2025\/08\/S2.jpg 780w, https:\/\/rewo.io\/wp-content\/uploads\/2025\/08\/S2.jpg 360w\" data-sizes=\"auto, (max-width: 480px) 150px\" data-src=\"https:\/\/rewo.io\/wp-content\/uploads\/2025\/08\/S2.jpg\" alt=\"Ein Mann arbeitet an einem Laptop\" class=\"uag-image-22086 lazyload\" width=\"600\" height=\"800\" title=\"S2\" role=\"img\" src=\"data:image\/svg+xml;base64,PHN2ZyB3aWR0aD0iMSIgaGVpZ2h0PSIxIiB4bWxucz0iaHR0cDovL3d3dy53My5vcmcvMjAwMC9zdmciPjwvc3ZnPg==\" style=\"--smush-placeholder-width: 600px; --smush-placeholder-aspect-ratio: 600\/800;\" \/><\/figure><\/div>\n<\/div>\n<\/div>\n\n\n\n<div style=\"height:40px\" aria-hidden=\"true\" class=\"wp-block-spacer\"><\/div>\n\n\n\n<div id=\"stepthree\" class=\"wp-block-uagb-container uagb-block-84d070f8 alignwide uagb-is-root-container\">\n<div class=\"wp-block-uagb-container uagb-block-d561cf4f\">\n<div class=\"wp-block-uagb-info-box uagb-block-82aad0ae uagb-infobox__content-wrap  uagb-infobox-icon-above-title uagb-infobox-image-valign-top\"><div class=\"uagb-ifb-content\"><div class=\"uagb-ifb-title-wrap\"><span class=\"uagb-ifb-title-prefix\">Schritt 3 \u2014 Automatisierte Verteilung, \u00dcbersetzung und Aktualisierung<\/span><h2 class=\"uagb-ifb-title\">Anleitungen automatisch aktualisieren, \u00fcbersetzen und bereitstellen<\/h2><\/div><p class=\"uagb-ifb-desc\">Nach Freigabe aktualisiert, verteilt und \u00fcbersetzt REWO die Anleitungen automatisch in jede gew\u00fcnschte Sprache. Kein Drucken, kein erneutes Hochladen. Teams haben jederzeit Zugriff auf die aktuellste Version \u2013 auf jedem Ger\u00e4t und in ihrer jeweiligen Muttersprache.<\/p><\/div><\/div>\n\n\n\n<div class=\"wp-block-uagb-buttons uagb-buttons__outer-wrap uagb-btn__default-btn uagb-btn-tablet__default-btn uagb-btn-mobile__default-btn uagb-block-5b8890e9\"><div class=\"uagb-buttons__wrap uagb-buttons-layout-wrap\">\n<div class=\"wp-block-uagb-buttons-child uagb-buttons__outer-wrap uagb-block-1edbea49 wp-block-button\"><div class=\"uagb-button__wrapper\"><a class=\"uagb-buttons-repeater wp-block-button__link\" aria-label=\"\" href=\"#stepfour\" rel=\"follow noopener\" target=\"_self\" role=\"button\"><div class=\"uagb-button__link\">N\u00c4CHSTER SCHRITT<\/div><span class=\"uagb-button__icon uagb-button__icon-position-after\"><svg xmlns=\"https:\/\/www.w3.org\/2000\/svg\" viewbox=\"0 0 320 512\" aria-hidden=\"true\" focussable=\"false\"><path d=\"M9.375 329.4c12.51-12.51 32.76-12.49 45.25 0L128 402.8V32c0-17.69 14.31-32 32-32s32 14.31 32 32v370.8l73.38-73.38c12.5-12.5 32.75-12.5 45.25 0s12.5 32.75 0 45.25l-128 128c-12.5 12.5-32.75 12.5-45.25 0l-128-128C-3.125 362.1-3.125 341.9 9.375 329.4z\"><\/path><\/svg><\/span><\/a><\/div><\/div>\n<\/div><\/div>\n<\/div>\n\n\n\n<div class=\"wp-block-uagb-container uagb-block-2eb80f7f\">\n<div class=\"wp-block-uagb-image uagb-block-895b2d0f wp-block-uagb-image--layout-default wp-block-uagb-image--effect-zoomin wp-block-uagb-image--align-none\"><figure class=\"wp-block-uagb-image__figure\"><img decoding=\"async\" data-srcset=\"https:\/\/rewo.io\/wp-content\/uploads\/2025\/08\/S3.jpg ,https:\/\/rewo.io\/wp-content\/uploads\/2025\/08\/S3.jpg 780w, https:\/\/rewo.io\/wp-content\/uploads\/2025\/08\/S3.jpg 360w\" data-sizes=\"auto, (max-width: 480px) 150px\" data-src=\"https:\/\/rewo.io\/wp-content\/uploads\/2025\/08\/S3.jpg\" alt=\"Ein Server\" class=\"uag-image-22088 lazyload\" width=\"600\" height=\"800\" title=\"S3\" role=\"img\" src=\"data:image\/svg+xml;base64,PHN2ZyB3aWR0aD0iMSIgaGVpZ2h0PSIxIiB4bWxucz0iaHR0cDovL3d3dy53My5vcmcvMjAwMC9zdmciPjwvc3ZnPg==\" style=\"--smush-placeholder-width: 600px; --smush-placeholder-aspect-ratio: 600\/800;\" \/><\/figure><\/div>\n<\/div>\n<\/div>\n\n\n\n<div style=\"height:40px\" aria-hidden=\"true\" class=\"wp-block-spacer\"><\/div>\n\n\n\n<div id=\"stepfour\" class=\"wp-block-uagb-container uagb-block-9dd1f9bd alignwide uagb-is-root-container\">\n<div class=\"wp-block-uagb-container uagb-block-7b141ea9\">\n<div class=\"wp-block-uagb-info-box uagb-block-7d42a2e4 uagb-infobox__content-wrap  uagb-infobox-icon-above-title uagb-infobox-image-valign-top\"><div class=\"uagb-ifb-content\"><div class=\"uagb-ifb-title-wrap\"><span class=\"uagb-ifb-title-prefix\">Schritt 4 \u2014 Wissen zuverl\u00e4ssig \u00fcbertragen<\/span><h2 class=\"uagb-ifb-title\">Jede Person zum Profi machen<\/h2><\/div><p class=\"uagb-ifb-desc\">Schulen Sie Mitarbeitende m\u00fchelos \u2013 selbst ohne Vorkenntnisse \u2013 mit standardisierten visuellen Arbeitsanweisungen. Erstellen Sie strukturierte Lernpfade mit integrierten Quizzen, Feedback-Formularen und Fortschrittsverfolgung. Ob beim Onboarding neuer Mitarbeitender oder bei der Weiterbildung bestehender Teams \u2013 REWO gew\u00e4hrleistet eine einheitliche, fachgerechte Leistung auf h\u00f6chstem Niveau im gesamten Unternehmen.<\/p><\/div><\/div>\n\n\n\n<div class=\"wp-block-uagb-buttons uagb-buttons__outer-wrap uagb-btn__default-btn uagb-btn-tablet__default-btn uagb-btn-mobile__default-btn uagb-block-5bd25d9a\"><div class=\"uagb-buttons__wrap uagb-buttons-layout-wrap\">\n<div class=\"wp-block-uagb-buttons-child uagb-buttons__outer-wrap uagb-block-ab99a8d1 wp-block-button\"><div class=\"uagb-button__wrapper\"><a class=\"uagb-buttons-repeater wp-block-button__link\" aria-label=\"\" href=\"#stepfive\" rel=\"follow noopener\" target=\"_self\" role=\"button\"><div class=\"uagb-button__link\">N\u00c4CHSTER SCHRITT<\/div><span class=\"uagb-button__icon uagb-button__icon-position-after\"><svg xmlns=\"https:\/\/www.w3.org\/2000\/svg\" viewbox=\"0 0 320 512\" aria-hidden=\"true\" focussable=\"false\"><path d=\"M9.375 329.4c12.51-12.51 32.76-12.49 45.25 0L128 402.8V32c0-17.69 14.31-32 32-32s32 14.31 32 32v370.8l73.38-73.38c12.5-12.5 32.75-12.5 45.25 0s12.5 32.75 0 45.25l-128 128c-12.5 12.5-32.75 12.5-45.25 0l-128-128C-3.125 362.1-3.125 341.9 9.375 329.4z\"><\/path><\/svg><\/span><\/a><\/div><\/div>\n<\/div><\/div>\n<\/div>\n\n\n\n<div class=\"wp-block-uagb-container uagb-block-448940b9\">\n<div class=\"wp-block-uagb-image uagb-block-a090798d wp-block-uagb-image--layout-default wp-block-uagb-image--effect-zoomin wp-block-uagb-image--align-none\"><figure class=\"wp-block-uagb-image__figure\"><img decoding=\"async\" data-srcset=\"https:\/\/rewo.io\/wp-content\/uploads\/2025\/08\/S4.jpg ,https:\/\/rewo.io\/wp-content\/uploads\/2025\/08\/S4.jpg 780w, https:\/\/rewo.io\/wp-content\/uploads\/2025\/08\/S4.jpg 360w\" data-sizes=\"auto, (max-width: 480px) 150px\" data-src=\"https:\/\/rewo.io\/wp-content\/uploads\/2025\/08\/S4.jpg\" alt=\"Ein Mann beobachtet Arbeitsanweisungen\" class=\"uag-image-22089 lazyload\" width=\"600\" height=\"800\" title=\"S4\" role=\"img\" src=\"data:image\/svg+xml;base64,PHN2ZyB3aWR0aD0iMSIgaGVpZ2h0PSIxIiB4bWxucz0iaHR0cDovL3d3dy53My5vcmcvMjAwMC9zdmciPjwvc3ZnPg==\" style=\"--smush-placeholder-width: 600px; --smush-placeholder-aspect-ratio: 600\/800;\" \/><\/figure><\/div>\n<\/div>\n<\/div>\n\n\n\n<div style=\"height:40px\" aria-hidden=\"true\" class=\"wp-block-spacer\"><\/div>\n\n\n\n<div id=\"stepfive\" class=\"wp-block-uagb-container uagb-block-2f934407 alignwide uagb-is-root-container\">\n<div class=\"wp-block-uagb-container uagb-block-1a6a5bb8\">\n<div class=\"wp-block-uagb-info-box uagb-block-1d9993ce uagb-infobox__content-wrap  uagb-infobox-icon-above-title uagb-infobox-image-valign-top\"><div class=\"uagb-ifb-content\"><div class=\"uagb-ifb-title-wrap\"><span class=\"uagb-ifb-title-prefix\">Schritt 5 \u2014 Eine lebendige Wissensbasis aufbauen<\/span><h2 class=\"uagb-ifb-title\">Wissen bewahren und zug\u00e4nglich machen<\/h2><\/div><p class=\"uagb-ifb-desc\">Jede erstellte Anleitung, Schulung oder jedes Handbuch wird Teil einer zentralen, durchsuchbaren Wissensdatenbank. So geht kein entscheidendes Know-how verloren, wenn Mitarbeitende das Unternehmen verlassen oder in den Ruhestand gehen. Lernen wird unternehmensweit kontinuierlich und jederzeit zug\u00e4nglich.<\/p><\/div><\/div>\n\n\n\n<div class=\"wp-block-uagb-buttons uagb-buttons__outer-wrap uagb-btn__default-btn uagb-btn-tablet__default-btn uagb-btn-mobile__default-btn uagb-block-839c3732\"><div class=\"uagb-buttons__wrap uagb-buttons-layout-wrap\">\n<div class=\"wp-block-uagb-buttons-child uagb-buttons__outer-wrap uagb-block-51bf0548 wp-block-button\"><div class=\"uagb-button__wrapper\"><a class=\"uagb-buttons-repeater wp-block-button__link\" aria-label=\"\" href=\"https:\/\/rewo.io\/de\/formular\/\" rel=\"follow noopener\" target=\"_self\" role=\"button\"><span class=\"uagb-button__icon uagb-button__icon-position-before\"><svg xmlns=\"https:\/\/www.w3.org\/2000\/svg\" viewbox=\"0 0 448 512\" aria-hidden=\"true\" focussable=\"false\"><path d=\"M438.6 278.6l-160 160C272.4 444.9 264.2 448 256 448s-16.38-3.125-22.62-9.375c-12.5-12.5-12.5-32.75 0-45.25L338.8 288H32C14.33 288 .0016 273.7 .0016 256S14.33 224 32 224h306.8l-105.4-105.4c-12.5-12.5-12.5-32.75 0-45.25s32.75-12.5 45.25 0l160 160C451.1 245.9 451.1 266.1 438.6 278.6z\"><\/path><\/svg><\/span><div class=\"uagb-button__link\">BUCHEN SIE EINE DEMO<\/div><\/a><\/div><\/div>\n<\/div><\/div>\n<\/div>\n\n\n\n<div class=\"wp-block-uagb-container uagb-block-0e7f8823\">\n<div class=\"wp-block-uagb-image uagb-block-81bc7ff9 wp-block-uagb-image--layout-default wp-block-uagb-image--effect-zoomin wp-block-uagb-image--align-none\"><figure class=\"wp-block-uagb-image__figure\"><img decoding=\"async\" data-srcset=\"https:\/\/rewo.io\/wp-content\/uploads\/2025\/08\/S5.jpg ,https:\/\/rewo.io\/wp-content\/uploads\/2025\/08\/S5.jpg 780w, https:\/\/rewo.io\/wp-content\/uploads\/2025\/08\/S5.jpg 360w\" data-sizes=\"auto, (max-width: 480px) 150px\" data-src=\"https:\/\/rewo.io\/wp-content\/uploads\/2025\/08\/S5.jpg\" alt=\"Eine Gruppe von Fabrikarbeitern\" class=\"uag-image-22090 lazyload\" width=\"600\" height=\"800\" title=\"S5\" role=\"img\" src=\"data:image\/svg+xml;base64,PHN2ZyB3aWR0aD0iMSIgaGVpZ2h0PSIxIiB4bWxucz0iaHR0cDovL3d3dy53My5vcmcvMjAwMC9zdmciPjwvc3ZnPg==\" style=\"--smush-placeholder-width: 600px; --smush-placeholder-aspect-ratio: 600\/800;\" \/><\/figure><\/div>\n<\/div>\n<\/div>\n\n\n\n<div style=\"height:40px\" aria-hidden=\"true\" class=\"wp-block-spacer\"><\/div>\n\n\n\n<div class=\"wp-block-uagb-container uagb-block-fa8cb3bf alignwide uagb-is-root-container\">\n<div class=\"wp-block-uagb-container uagb-block-7f75b6ec\">\n<div class=\"wp-block-uagb-info-box uagb-block-6d523725 uagb-infobox__content-wrap  uagb-infobox-icon-above-title uagb-infobox-image-valign-top\"><div class=\"uagb-ifb-content\"><div class=\"uagb-ifb-title-wrap\"><h1 class=\"uagb-ifb-title\">Smart, Sicher und Effizient.<\/h1><\/div><p class=\"uagb-ifb-desc\">REWO wurde von Herstellern f\u00fcr Hersteller entwickelt. Buchen Sie heute noch eine Demo, um es in Action zu sehen!<\/p><\/div><\/div>\n\n\n\n<div class=\"wp-block-uagb-buttons uagb-buttons__outer-wrap uagb-btn__default-btn uagb-btn-tablet__default-btn uagb-btn-mobile__default-btn uagb-block-cc79c109\"><div class=\"uagb-buttons__wrap uagb-buttons-layout-wrap\">\n<div class=\"wp-block-uagb-buttons-child uagb-buttons__outer-wrap uagb-block-cafd2dc6 wp-block-button\"><div class=\"uagb-button__wrapper\"><a class=\"uagb-buttons-repeater wp-block-button__link\" aria-label=\"\" href=\"https:\/\/rewo.io\/de\/formular\/\" rel=\"follow noopener\" target=\"_self\" role=\"button\"><div class=\"uagb-button__link\">BUCHEN SIE JETZT EINE DEMO<\/div><\/a><\/div><\/div>\n\n\n\n<div class=\"wp-block-uagb-buttons-child uagb-buttons__outer-wrap uagb-block-aa94abf8 wp-block-button\"><div class=\"uagb-button__wrapper\"><a class=\"uagb-buttons-repeater wp-block-button__link\" aria-label=\"\" href=\"https:\/\/rewo.io\/de\/produktmerkmale\/\" rel=\"follow noopener\" target=\"_self\" role=\"button\"><div class=\"uagb-button__link\">PRODUKTBESCHREIBUNG<\/div><\/a><\/div><\/div>\n<\/div><\/div>\n<\/div>\n<\/div>","protected":false},"excerpt":{"rendered":"","protected":false},"author":2,"featured_media":0,"parent":0,"menu_order":0,"comment_status":"closed","ping_status":"closed","template":"","meta":{"content-type":"","_uag_custom_page_level_css":"","site-sidebar-layout":"default","site-content-layout":"plain-container","ast-site-content-layout":"normal-width-container","site-content-style":"unboxed","site-sidebar-style":"unboxed","ast-global-header-display":"","ast-banner-title-visibility":"","ast-main-header-display":"","ast-hfb-above-header-display":"","ast-hfb-below-header-display":"","ast-hfb-mobile-header-display":"","site-post-title":"disabled","ast-breadcrumbs-content":"","ast-featured-img":"","footer-sml-layout":"","ast-disable-related-posts":"","theme-transparent-header-meta":"","adv-header-id-meta":"","stick-header-meta":"","header-above-stick-meta":"","header-main-stick-meta":"","header-below-stick-meta":"","astra-migrate-meta-layouts":"set","ast-page-background-enabled":"default","ast-page-background-meta":{"desktop":{"background-color":"","background-image":"","background-repeat":"repeat","background-position":"center center","background-size":"auto","background-attachment":"scroll","background-type":"","background-media":"","overlay-type":"","overlay-color":"","overlay-opacity":"","overlay-gradient":""},"tablet":{"background-color":"","background-image":"","background-repeat":"repeat","background-position":"center center","background-size":"auto","background-attachment":"scroll","background-type":"","background-media":"","overlay-type":"","overlay-color":"","overlay-opacity":"","overlay-gradient":""},"mobile":{"background-color":"","background-image":"","background-repeat":"repeat","background-position":"center center","background-size":"auto","background-attachment":"scroll","background-type":"","background-media":"","overlay-type":"","overlay-color":"","overlay-opacity":"","overlay-gradient":""}},"ast-content-background-meta":{"desktop":{"background-color":"var(--ast-global-color-5)","background-image":"","background-repeat":"repeat","background-position":"center center","background-size":"auto","background-attachment":"scroll","background-type":"","background-media":"","overlay-type":"","overlay-color":"","overlay-opacity":"","overlay-gradient":""},"tablet":{"background-color":"var(--ast-global-color-5)","background-image":"","background-repeat":"repeat","background-position":"center center","background-size":"auto","background-attachment":"scroll","background-type":"","background-media":"","overlay-type":"","overlay-color":"","overlay-opacity":"","overlay-gradient":""},"mobile":{"background-color":"var(--ast-global-color-5)","background-image":"","background-repeat":"repeat","background-position":"center center","background-size":"auto","background-attachment":"scroll","background-type":"","background-media":"","overlay-type":"","overlay-color":"","overlay-opacity":"","overlay-gradient":""}},"footnotes":""},"folder":[],"class_list":["post-9509","page","type-page","status-publish","hentry"],"uagb_featured_image_src":{"full":false,"thumbnail":false,"medium":false,"medium_large":false,"large":false,"1536x1536":false,"2048x2048":false,"trp-custom-language-flag":false},"uagb_author_info":{"display_name":"VIAR","author_link":"https:\/\/rewo.io\/de\/author\/viar\/"},"uagb_comment_info":0,"uagb_excerpt":null,"_links":{"self":[{"href":"https:\/\/rewo.io\/de\/wp-json\/wp\/v2\/pages\/9509","targetHints":{"allow":["GET"]}}],"collection":[{"href":"https:\/\/rewo.io\/de\/wp-json\/wp\/v2\/pages"}],"about":[{"href":"https:\/\/rewo.io\/de\/wp-json\/wp\/v2\/types\/page"}],"author":[{"embeddable":true,"href":"https:\/\/rewo.io\/de\/wp-json\/wp\/v2\/users\/2"}],"replies":[{"embeddable":true,"href":"https:\/\/rewo.io\/de\/wp-json\/wp\/v2\/comments?post=9509"}],"version-history":[{"count":0,"href":"https:\/\/rewo.io\/de\/wp-json\/wp\/v2\/pages\/9509\/revisions"}],"wp:attachment":[{"href":"https:\/\/rewo.io\/de\/wp-json\/wp\/v2\/media?parent=9509"}],"wp:term":[{"taxonomy":"folder","embeddable":true,"href":"https:\/\/rewo.io\/de\/wp-json\/wp\/v2\/folder?post=9509"}],"curies":[{"name":"wp","href":"https:\/\/api.w.org\/{rel}","templated":true}]}}