{"id":23592,"date":"2025-08-19T09:55:52","date_gmt":"2025-08-19T09:55:52","guid":{"rendered":"https:\/\/rewo.io\/?page_id=23592"},"modified":"2025-09-10T07:17:07","modified_gmt":"2025-09-10T07:17:07","slug":"webinarium-koszonom","status":"publish","type":"page","link":"https:\/\/rewo.io\/hu\/webinar-thank-you\/","title":{"rendered":"REWO.io | Webin\u00e1rium - K\u00f6sz\u00f6n\u00f6m"},"content":{"rendered":"<div style=\"height:195px\" aria-hidden=\"true\" class=\"wp-block-spacer uag-hide-mob\"><\/div>\n\n\n\n<h2 class=\"wp-block-heading has-text-align-center\">K\u00f6sz\u00f6n\u00f6m<\/h2>\n\n\n\n<p class=\"has-text-align-center\">A regisztr\u00e1ci\u00f3j\u00e1t megkaptuk. Csapatunk ellen\u0151rzi az \u00d6n adatait. Amint meger\u0151s\u00edtik, megh\u00edv\u00f3t kap a Microsoft Teams napt\u00e1r\u00e1b\u00f3l. Ha nem kap t\u0151l\u00fcnk visszajelz\u00e9st, vagy b\u00e1rmilyen technikai neh\u00e9zs\u00e9gbe \u00fctk\u00f6zik, k\u00e9rj\u00fck, forduljon a k\u00f6vetkez\u0151 c\u00edmre <a href=\"mailto:support@rewo.io\">support@rewo.io<\/a>.<\/p>\n\n\n\n<p class=\"has-text-align-center\"><strong>\u00dcdv\u00f6zlettel, REWO<\/strong><\/p>\n\n\n\n<div style=\"height:195px\" aria-hidden=\"true\" class=\"wp-block-spacer uag-hide-mob\"><\/div>","protected":false},"excerpt":{"rendered":"<p>Thank You Your registration has been received. Our team is verifying your information. As soon as it is confirmed, you will receive a calendar invitation from Microsoft Teams. If you do not hear back from us or encounter any technical difficulties, please reach out to support@rewo.io. Kindest regards, REWO<\/p>","protected":false},"author":2,"featured_media":0,"parent":0,"menu_order":0,"comment_status":"closed","ping_status":"closed","template":"","meta":{"content-type":"","_uag_custom_page_level_css":"","site-sidebar-layout":"default","site-content-layout":"","ast-site-content-layout":"default","site-content-style":"default","site-sidebar-style":"default","ast-global-header-display":"","ast-banner-title-visibility":"","ast-main-header-display":"","ast-hfb-above-header-display":"","ast-hfb-below-header-display":"","ast-hfb-mobile-header-display":"","site-post-title":"disabled","ast-breadcrumbs-content":"","ast-featured-img":"","footer-sml-layout":"","ast-disable-related-posts":"","theme-transparent-header-meta":"","adv-header-id-meta":"","stick-header-meta":"","header-above-stick-meta":"","header-main-stick-meta":"","header-below-stick-meta":"","astra-migrate-meta-layouts":"set","ast-page-background-enabled":"default","ast-page-background-meta":{"desktop":{"background-color":"","background-image":"","background-repeat":"repeat","background-position":"center center","background-size":"auto","background-attachment":"scroll","background-type":"","background-media":"","overlay-type":"","overlay-color":"","overlay-opacity":"","overlay-gradient":""},"tablet":{"background-color":"","background-image":"","background-repeat":"repeat","background-position":"center center","background-size":"auto","background-attachment":"scroll","background-type":"","background-media":"","overlay-type":"","overlay-color":"","overlay-opacity":"","overlay-gradient":""},"mobile":{"background-color":"","background-image":"","background-repeat":"repeat","background-position":"center center","background-size":"auto","background-attachment":"scroll","background-type":"","background-media":"","overlay-type":"","overlay-color":"","overlay-opacity":"","overlay-gradient":""}},"ast-content-background-meta":{"desktop":{"background-color":"var(--ast-global-color-5)","background-image":"","background-repeat":"repeat","background-position":"center center","background-size":"auto","background-attachment":"scroll","background-type":"","background-media":"","overlay-type":"","overlay-color":"","overlay-opacity":"","overlay-gradient":""},"tablet":{"background-color":"var(--ast-global-color-5)","background-image":"","background-repeat":"repeat","background-position":"center center","background-size":"auto","background-attachment":"scroll","background-type":"","background-media":"","overlay-type":"","overlay-color":"","overlay-opacity":"","overlay-gradient":""},"mobile":{"background-color":"var(--ast-global-color-5)","background-image":"","background-repeat":"repeat","background-position":"center center","background-size":"auto","background-attachment":"scroll","background-type":"","background-media":"","overlay-type":"","overlay-color":"","overlay-opacity":"","overlay-gradient":""}},"footnotes":""},"folder":[874],"class_list":["post-23592","page","type-page","status-publish","hentry"],"uagb_featured_image_src":{"full":false,"thumbnail":false,"medium":false,"medium_large":false,"large":false,"1536x1536":false,"2048x2048":false,"trp-custom-language-flag":false},"uagb_author_info":{"display_name":"VIAR","author_link":"https:\/\/rewo.io\/hu\/author\/viar\/"},"uagb_comment_info":0,"uagb_excerpt":"Thank You Your registration has been received. Our team is verifying your information. As soon as it is confirmed, you will receive a calendar invitation from Microsoft Teams. If you do not hear back from us or encounter any technical difficulties, please reach out to support@rewo.io. Kindest regards, REWO","_links":{"self":[{"href":"https:\/\/rewo.io\/hu\/wp-json\/wp\/v2\/pages\/23592","targetHints":{"allow":["GET"]}}],"collection":[{"href":"https:\/\/rewo.io\/hu\/wp-json\/wp\/v2\/pages"}],"about":[{"href":"https:\/\/rewo.io\/hu\/wp-json\/wp\/v2\/types\/page"}],"author":[{"embeddable":true,"href":"https:\/\/rewo.io\/hu\/wp-json\/wp\/v2\/users\/2"}],"replies":[{"embeddable":true,"href":"https:\/\/rewo.io\/hu\/wp-json\/wp\/v2\/comments?post=23592"}],"version-history":[{"count":0,"href":"https:\/\/rewo.io\/hu\/wp-json\/wp\/v2\/pages\/23592\/revisions"}],"wp:attachment":[{"href":"https:\/\/rewo.io\/hu\/wp-json\/wp\/v2\/media?parent=23592"}],"wp:term":[{"taxonomy":"folder","embeddable":true,"href":"https:\/\/rewo.io\/hu\/wp-json\/wp\/v2\/folder?post=23592"}],"curies":[{"name":"wp","href":"https:\/\/api.w.org\/{rel}","templated":true}]}}