{"id":9509,"date":"2023-02-01T13:58:52","date_gmt":"2023-02-01T13:58:52","guid":{"rendered":"https:\/\/rewo.io\/?page_id=9509"},"modified":"2025-08-22T12:41:38","modified_gmt":"2025-08-22T12:41:38","slug":"jak-dziala-rewo","status":"publish","type":"page","link":"https:\/\/rewo.io\/pl\/how-rewo-works\/","title":{"rendered":"REWO.io | Jak REWO pomaga w szybszej standaryzacji pracy | Proces"},"content":{"rendered":"<p><\/p>\n\n\n\n<div class=\"wp-block-uagb-container uagb-block-cf6fdc2d alignwide uagb-is-root-container\">\n<div class=\"wp-block-uagb-container uagb-block-b5e3de55\">\n<div class=\"wp-block-uagb-info-box uagb-block-b00bbb4d uagb-infobox__content-wrap  uagb-infobox-icon-above-title uagb-infobox-image-valign-top\"><div class=\"uagb-ifb-content\"><div class=\"uagb-ifb-title-wrap\"><h1 class=\"uagb-ifb-title\">Jak REWO przekszta\u0142ca wiedz\u0119 plemienn\u0105 w powtarzaln\u0105 doskona\u0142o\u015b\u0107<\/h1><\/div><div class=\"uagb-ifb-desc\">\n<p>REWO pomaga przechwytywa\u0107 wiedz\u0119 eksperck\u0105, przekszta\u0142ca\u0107 j\u0105 w wizualne instrukcje i utrzymywa\u0107 jej dost\u0119pno\u015b\u0107, aktualno\u015b\u0107 i wieloj\u0119zyczno\u015b\u0107 - dzi\u0119ki czemu Pa\u0144stwa operacje ju\u017c nigdy nie b\u0119d\u0105 opiera\u0107 si\u0119 na domys\u0142ach.<\/p>\n<\/div><\/div><\/div>\n\n\n\n<div class=\"wp-block-uagb-buttons uagb-buttons__outer-wrap uagb-btn__default-btn uagb-btn-tablet__default-btn uagb-btn-mobile__default-btn uagb-block-bef2ab22\"><div class=\"uagb-buttons__wrap uagb-buttons-layout-wrap\">\n<div class=\"wp-block-uagb-buttons-child uagb-buttons__outer-wrap uagb-block-5c4ade24 wp-block-button\"><div class=\"uagb-button__wrapper\"><a class=\"uagb-buttons-repeater wp-block-button__link\" aria-label=\"\" href=\"#stepone\" rel=\"follow noopener\" target=\"_self\" role=\"button\"><div class=\"uagb-button__link\">POZNAJ PROCES REWO<\/div><span class=\"uagb-button__icon uagb-button__icon-position-after\"><svg xmlns=\"https:\/\/www.w3.org\/2000\/svg\" viewbox=\"0 0 320 512\" aria-hidden=\"true\" focussable=\"false\"><path d=\"M9.375 329.4c12.51-12.51 32.76-12.49 45.25 0L128 402.8V32c0-17.69 14.31-32 32-32s32 14.31 32 32v370.8l73.38-73.38c12.5-12.5 32.75-12.5 45.25 0s12.5 32.75 0 45.25l-128 128c-12.5 12.5-32.75 12.5-45.25 0l-128-128C-3.125 362.1-3.125 341.9 9.375 329.4z\"><\/path><\/svg><\/span><\/a><\/div><\/div>\n<\/div><\/div>\n<\/div>\n<\/div>\n\n\n\n<div style=\"height:40px\" aria-hidden=\"true\" class=\"wp-block-spacer\"><\/div>\n\n\n\n<div id=\"stepone\" class=\"wp-block-uagb-container uagb-block-738491b6 alignwide uagb-is-root-container\">\n<div class=\"wp-block-uagb-container uagb-block-6159528e\">\n<div class=\"wp-block-uagb-info-box uagb-block-df79e7ea uagb-infobox__content-wrap  uagb-infobox-icon-above-title uagb-infobox-image-valign-top\"><div class=\"uagb-ifb-content\"><div class=\"uagb-ifb-title-wrap\"><span class=\"uagb-ifb-title-prefix\">Krok 1 - Zdobycie wiedzy eksperckiej<\/span><h2 class=\"uagb-ifb-title\">Uchwycenie tego, co naprawd\u0119 dzia\u0142a w hali produkcyjnej<\/h2><\/div><p class=\"uagb-ifb-desc\">Szybkie dokumentowanie rzeczywistych proces\u00f3w - prosto od Pa\u0144stwa do\u015bwiadczonych pracownik\u00f3w. Prosz\u0119 u\u017cywa\u0107 urz\u0105dze\u0144 mobilnych do nagrywania film\u00f3w i robienia zdj\u0119\u0107 na miejscu. Ta surowa wiedza staje si\u0119 podstaw\u0105 wiarygodnych instrukcji, koniec ze zgadywaniem.<\/p><\/div><\/div>\n\n\n\n<div class=\"wp-block-uagb-buttons uagb-buttons__outer-wrap uagb-btn__default-btn uagb-btn-tablet__default-btn uagb-btn-mobile__default-btn uagb-block-da9e3f1b\"><div class=\"uagb-buttons__wrap uagb-buttons-layout-wrap\">\n<div class=\"wp-block-uagb-buttons-child uagb-buttons__outer-wrap uagb-block-461f65ee wp-block-button\"><div class=\"uagb-button__wrapper\"><a class=\"uagb-buttons-repeater wp-block-button__link\" aria-label=\"\" href=\"#steptwo\" rel=\"follow noopener\" target=\"_self\" role=\"button\"><div class=\"uagb-button__link\">NAST\u0118PNY KROK<\/div><span class=\"uagb-button__icon uagb-button__icon-position-after\"><svg xmlns=\"https:\/\/www.w3.org\/2000\/svg\" viewbox=\"0 0 320 512\" aria-hidden=\"true\" focussable=\"false\"><path d=\"M9.375 329.4c12.51-12.51 32.76-12.49 45.25 0L128 402.8V32c0-17.69 14.31-32 32-32s32 14.31 32 32v370.8l73.38-73.38c12.5-12.5 32.75-12.5 45.25 0s12.5 32.75 0 45.25l-128 128c-12.5 12.5-32.75 12.5-45.25 0l-128-128C-3.125 362.1-3.125 341.9 9.375 329.4z\"><\/path><\/svg><\/span><\/a><\/div><\/div>\n<\/div><\/div>\n<\/div>\n\n\n\n<div class=\"wp-block-uagb-container uagb-block-aca4e828\">\n<div class=\"wp-block-uagb-image uagb-block-ce141ba8 wp-block-uagb-image--layout-default wp-block-uagb-image--effect-zoomin wp-block-uagb-image--align-none\"><figure class=\"wp-block-uagb-image__figure\"><img decoding=\"async\" data-srcset=\"https:\/\/rewo.io\/wp-content\/uploads\/2025\/08\/S1.jpg ,https:\/\/rewo.io\/wp-content\/uploads\/2025\/08\/S1.jpg 780w, https:\/\/rewo.io\/wp-content\/uploads\/2025\/08\/S1.jpg 360w\" data-sizes=\"auto, (max-width: 480px) 150px\" data-src=\"https:\/\/rewo.io\/wp-content\/uploads\/2025\/08\/S1.jpg\" alt=\"M\u0119\u017cczyzna nagrywaj\u0105cy proces pracy\" class=\"uag-image-22085 lazyload\" width=\"600\" height=\"800\" title=\"S1\" role=\"img\" src=\"data:image\/svg+xml;base64,PHN2ZyB3aWR0aD0iMSIgaGVpZ2h0PSIxIiB4bWxucz0iaHR0cDovL3d3dy53My5vcmcvMjAwMC9zdmciPjwvc3ZnPg==\" style=\"--smush-placeholder-width: 600px; --smush-placeholder-aspect-ratio: 600\/800;\" \/><\/figure><\/div>\n<\/div>\n<\/div>\n\n\n\n<div style=\"height:40px\" aria-hidden=\"true\" class=\"wp-block-spacer\"><\/div>\n\n\n\n<div id=\"steptwo\" class=\"wp-block-uagb-container uagb-block-8cabff7d alignwide uagb-is-root-container\">\n<div class=\"wp-block-uagb-container uagb-block-8bcbc6f3\">\n<div class=\"wp-block-uagb-info-box uagb-block-6e950406 uagb-infobox__content-wrap  uagb-infobox-icon-above-title uagb-infobox-image-valign-top\"><div class=\"uagb-ifb-content\"><div class=\"uagb-ifb-title-wrap\"><span class=\"uagb-ifb-title-prefix\">Krok 2 - Tworzenie instrukcji wizualnych<\/span><h2 class=\"uagb-ifb-title\">Przekszta\u0142cenie wiedzy w praktyczne wizualizacje<\/h2><\/div><p class=\"uagb-ifb-desc\">Przekszta\u0142cenie przechwyconej zawarto\u015bci w przejrzyste, wizualne instrukcje krok po kroku. Pracownicy ucz\u0105 si\u0119 szybciej dzi\u0119ki filmom, adnotacjom i wizualizacjom, kt\u00f3re rozumiej\u0105 od razu - zwi\u0119kszaj\u0105c szybko\u015b\u0107 szkolenia i zmniejszaj\u0105c liczb\u0119 b\u0142\u0119d\u00f3w.<\/p><\/div><\/div>\n\n\n\n<div class=\"wp-block-uagb-buttons uagb-buttons__outer-wrap uagb-btn__default-btn uagb-btn-tablet__default-btn uagb-btn-mobile__default-btn uagb-block-d5bd5711\"><div class=\"uagb-buttons__wrap uagb-buttons-layout-wrap\">\n<div class=\"wp-block-uagb-buttons-child uagb-buttons__outer-wrap uagb-block-283e6743 wp-block-button\"><div class=\"uagb-button__wrapper\"><a class=\"uagb-buttons-repeater wp-block-button__link\" aria-label=\"\" href=\"#stepthree\" rel=\"follow noopener\" target=\"_self\" role=\"button\"><div class=\"uagb-button__link\">NAST\u0118PNY KROK<\/div><span class=\"uagb-button__icon uagb-button__icon-position-after\"><svg xmlns=\"https:\/\/www.w3.org\/2000\/svg\" viewbox=\"0 0 320 512\" aria-hidden=\"true\" focussable=\"false\"><path d=\"M9.375 329.4c12.51-12.51 32.76-12.49 45.25 0L128 402.8V32c0-17.69 14.31-32 32-32s32 14.31 32 32v370.8l73.38-73.38c12.5-12.5 32.75-12.5 45.25 0s12.5 32.75 0 45.25l-128 128c-12.5 12.5-32.75 12.5-45.25 0l-128-128C-3.125 362.1-3.125 341.9 9.375 329.4z\"><\/path><\/svg><\/span><\/a><\/div><\/div>\n<\/div><\/div>\n<\/div>\n\n\n\n<div class=\"wp-block-uagb-container uagb-block-b99cd6e4\">\n<div class=\"wp-block-uagb-image uagb-block-1ab47582 wp-block-uagb-image--layout-default wp-block-uagb-image--effect-zoomin wp-block-uagb-image--align-none\"><figure class=\"wp-block-uagb-image__figure\"><img decoding=\"async\" data-srcset=\"https:\/\/rewo.io\/wp-content\/uploads\/2025\/08\/S2.jpg ,https:\/\/rewo.io\/wp-content\/uploads\/2025\/08\/S2.jpg 780w, https:\/\/rewo.io\/wp-content\/uploads\/2025\/08\/S2.jpg 360w\" data-sizes=\"auto, (max-width: 480px) 150px\" data-src=\"https:\/\/rewo.io\/wp-content\/uploads\/2025\/08\/S2.jpg\" alt=\"M\u0119\u017cczyzna pracuj\u0105cy na laptopie\" class=\"uag-image-22086 lazyload\" width=\"600\" height=\"800\" title=\"S2\" role=\"img\" src=\"data:image\/svg+xml;base64,PHN2ZyB3aWR0aD0iMSIgaGVpZ2h0PSIxIiB4bWxucz0iaHR0cDovL3d3dy53My5vcmcvMjAwMC9zdmciPjwvc3ZnPg==\" style=\"--smush-placeholder-width: 600px; --smush-placeholder-aspect-ratio: 600\/800;\" \/><\/figure><\/div>\n<\/div>\n<\/div>\n\n\n\n<div style=\"height:40px\" aria-hidden=\"true\" class=\"wp-block-spacer\"><\/div>\n\n\n\n<div id=\"stepthree\" class=\"wp-block-uagb-container uagb-block-84d070f8 alignwide uagb-is-root-container\">\n<div class=\"wp-block-uagb-container uagb-block-d561cf4f\">\n<div class=\"wp-block-uagb-info-box uagb-block-82aad0ae uagb-infobox__content-wrap  uagb-infobox-icon-above-title uagb-infobox-image-valign-top\"><div class=\"uagb-ifb-content\"><div class=\"uagb-ifb-title-wrap\"><span class=\"uagb-ifb-title-prefix\">Krok 3 - Automatyczna dystrybucja, t\u0142umaczenie i aktualizacja<\/span><h2 class=\"uagb-ifb-title\">Automatyczna aktualizacja, t\u0142umaczenie i dostarczanie instrukcji<\/h2><\/div><p class=\"uagb-ifb-desc\">Po zatwierdzeniu REWO automatycznie aktualizuje, dystrybuuje i t\u0142umaczy instrukcje na dowolny j\u0119zyk. Bez drukowania, bez ponownego pobierania. Zespo\u0142y zawsze maj\u0105 najnowsz\u0105 wersj\u0119 na dowolnym urz\u0105dzeniu - w swoim ojczystym j\u0119zyku.<\/p><\/div><\/div>\n\n\n\n<div class=\"wp-block-uagb-buttons uagb-buttons__outer-wrap uagb-btn__default-btn uagb-btn-tablet__default-btn uagb-btn-mobile__default-btn uagb-block-5b8890e9\"><div class=\"uagb-buttons__wrap uagb-buttons-layout-wrap\">\n<div class=\"wp-block-uagb-buttons-child uagb-buttons__outer-wrap uagb-block-1edbea49 wp-block-button\"><div class=\"uagb-button__wrapper\"><a class=\"uagb-buttons-repeater wp-block-button__link\" aria-label=\"\" href=\"#stepfour\" rel=\"follow noopener\" target=\"_self\" role=\"button\"><div class=\"uagb-button__link\">NAST\u0118PNY KROK<\/div><span class=\"uagb-button__icon uagb-button__icon-position-after\"><svg xmlns=\"https:\/\/www.w3.org\/2000\/svg\" viewbox=\"0 0 320 512\" aria-hidden=\"true\" focussable=\"false\"><path d=\"M9.375 329.4c12.51-12.51 32.76-12.49 45.25 0L128 402.8V32c0-17.69 14.31-32 32-32s32 14.31 32 32v370.8l73.38-73.38c12.5-12.5 32.75-12.5 45.25 0s12.5 32.75 0 45.25l-128 128c-12.5 12.5-32.75 12.5-45.25 0l-128-128C-3.125 362.1-3.125 341.9 9.375 329.4z\"><\/path><\/svg><\/span><\/a><\/div><\/div>\n<\/div><\/div>\n<\/div>\n\n\n\n<div class=\"wp-block-uagb-container uagb-block-2eb80f7f\">\n<div class=\"wp-block-uagb-image uagb-block-895b2d0f wp-block-uagb-image--layout-default wp-block-uagb-image--effect-zoomin wp-block-uagb-image--align-none\"><figure class=\"wp-block-uagb-image__figure\"><img decoding=\"async\" data-srcset=\"https:\/\/rewo.io\/wp-content\/uploads\/2025\/08\/S3.jpg ,https:\/\/rewo.io\/wp-content\/uploads\/2025\/08\/S3.jpg 780w, https:\/\/rewo.io\/wp-content\/uploads\/2025\/08\/S3.jpg 360w\" data-sizes=\"auto, (max-width: 480px) 150px\" data-src=\"https:\/\/rewo.io\/wp-content\/uploads\/2025\/08\/S3.jpg\" alt=\"Serwer\" class=\"uag-image-22088 lazyload\" width=\"600\" height=\"800\" title=\"S3\" role=\"img\" src=\"data:image\/svg+xml;base64,PHN2ZyB3aWR0aD0iMSIgaGVpZ2h0PSIxIiB4bWxucz0iaHR0cDovL3d3dy53My5vcmcvMjAwMC9zdmciPjwvc3ZnPg==\" style=\"--smush-placeholder-width: 600px; --smush-placeholder-aspect-ratio: 600\/800;\" \/><\/figure><\/div>\n<\/div>\n<\/div>\n\n\n\n<div style=\"height:40px\" aria-hidden=\"true\" class=\"wp-block-spacer\"><\/div>\n\n\n\n<div id=\"stepfour\" class=\"wp-block-uagb-container uagb-block-9dd1f9bd alignwide uagb-is-root-container\">\n<div class=\"wp-block-uagb-container uagb-block-7b141ea9\">\n<div class=\"wp-block-uagb-info-box uagb-block-7d42a2e4 uagb-infobox__content-wrap  uagb-infobox-icon-above-title uagb-infobox-image-valign-top\"><div class=\"uagb-ifb-content\"><div class=\"uagb-ifb-title-wrap\"><span class=\"uagb-ifb-title-prefix\">Krok 4 - Niezawodne przekazywanie wiedzy<\/span><h2 class=\"uagb-ifb-title\">Trenuj ka\u017cdego, aby dzia\u0142a\u0142 jak ekspert<\/h2><\/div><p class=\"uagb-ifb-desc\">\u0141atwe szkolenie pracownik\u00f3w - nawet tych bez wcze\u015bniejszego do\u015bwiadczenia - przy u\u017cyciu standardowych wizualnych instrukcji pracy. Tworzenie ustrukturyzowanych \u015bcie\u017cek nauki z wbudowanymi quizami, formularzami opinii i \u015bledzeniem post\u0119p\u00f3w. Niezale\u017cnie od tego, czy chodzi o wdra\u017canie nowych pracownik\u00f3w, czy podnoszenie kwalifikacji obecnych, REWO zapewnia sp\u00f3jn\u0105 wydajno\u015b\u0107 na poziomie eksperckim w ca\u0142ym zespole.<\/p><\/div><\/div>\n\n\n\n<div class=\"wp-block-uagb-buttons uagb-buttons__outer-wrap uagb-btn__default-btn uagb-btn-tablet__default-btn uagb-btn-mobile__default-btn uagb-block-5bd25d9a\"><div class=\"uagb-buttons__wrap uagb-buttons-layout-wrap\">\n<div class=\"wp-block-uagb-buttons-child uagb-buttons__outer-wrap uagb-block-ab99a8d1 wp-block-button\"><div class=\"uagb-button__wrapper\"><a class=\"uagb-buttons-repeater wp-block-button__link\" aria-label=\"\" href=\"#stepfive\" rel=\"follow noopener\" target=\"_self\" role=\"button\"><div class=\"uagb-button__link\">NAST\u0118PNY KROK<\/div><span class=\"uagb-button__icon uagb-button__icon-position-after\"><svg xmlns=\"https:\/\/www.w3.org\/2000\/svg\" viewbox=\"0 0 320 512\" aria-hidden=\"true\" focussable=\"false\"><path d=\"M9.375 329.4c12.51-12.51 32.76-12.49 45.25 0L128 402.8V32c0-17.69 14.31-32 32-32s32 14.31 32 32v370.8l73.38-73.38c12.5-12.5 32.75-12.5 45.25 0s12.5 32.75 0 45.25l-128 128c-12.5 12.5-32.75 12.5-45.25 0l-128-128C-3.125 362.1-3.125 341.9 9.375 329.4z\"><\/path><\/svg><\/span><\/a><\/div><\/div>\n<\/div><\/div>\n<\/div>\n\n\n\n<div class=\"wp-block-uagb-container uagb-block-448940b9\">\n<div class=\"wp-block-uagb-image uagb-block-a090798d wp-block-uagb-image--layout-default wp-block-uagb-image--effect-zoomin wp-block-uagb-image--align-none\"><figure class=\"wp-block-uagb-image__figure\"><img decoding=\"async\" data-srcset=\"https:\/\/rewo.io\/wp-content\/uploads\/2025\/08\/S4.jpg ,https:\/\/rewo.io\/wp-content\/uploads\/2025\/08\/S4.jpg 780w, https:\/\/rewo.io\/wp-content\/uploads\/2025\/08\/S4.jpg 360w\" data-sizes=\"auto, (max-width: 480px) 150px\" data-src=\"https:\/\/rewo.io\/wp-content\/uploads\/2025\/08\/S4.jpg\" alt=\"M\u0119\u017cczyzna ogl\u0105daj\u0105cy instrukcje pracy\" class=\"uag-image-22089 lazyload\" width=\"600\" height=\"800\" title=\"S4\" role=\"img\" src=\"data:image\/svg+xml;base64,PHN2ZyB3aWR0aD0iMSIgaGVpZ2h0PSIxIiB4bWxucz0iaHR0cDovL3d3dy53My5vcmcvMjAwMC9zdmciPjwvc3ZnPg==\" style=\"--smush-placeholder-width: 600px; --smush-placeholder-aspect-ratio: 600\/800;\" \/><\/figure><\/div>\n<\/div>\n<\/div>\n\n\n\n<div style=\"height:40px\" aria-hidden=\"true\" class=\"wp-block-spacer\"><\/div>\n\n\n\n<div id=\"stepfive\" class=\"wp-block-uagb-container uagb-block-2f934407 alignwide uagb-is-root-container\">\n<div class=\"wp-block-uagb-container uagb-block-1a6a5bb8\">\n<div class=\"wp-block-uagb-info-box uagb-block-1d9993ce uagb-infobox__content-wrap  uagb-infobox-icon-above-title uagb-infobox-image-valign-top\"><div class=\"uagb-ifb-content\"><div class=\"uagb-ifb-title-wrap\"><span class=\"uagb-ifb-title-prefix\">Krok 5 - Tworzenie \u017cywej bazy wiedzy<\/span><h2 class=\"uagb-ifb-title\">Wiedza powinna by\u0107 \u017cywa i dost\u0119pna<\/h2><\/div><p class=\"uagb-ifb-desc\">Ka\u017cda stworzona przez Pa\u0144stwa instrukcja, kurs lub podr\u0119cznik staje si\u0119 cz\u0119\u015bci\u0105 scentralizowanej bazy wiedzy, kt\u00f3r\u0105 mo\u017cna przeszukiwa\u0107. Nigdy nie trac\u0105 Pa\u0144stwo krytycznego know-how, gdy pracownicy przechodz\u0105 na emerytur\u0119 lub odchodz\u0105. Niech nauka b\u0119dzie ci\u0105g\u0142a i dost\u0119pna w ca\u0142ej firmie.<\/p><\/div><\/div>\n\n\n\n<div class=\"wp-block-uagb-buttons uagb-buttons__outer-wrap uagb-btn__default-btn uagb-btn-tablet__default-btn uagb-btn-mobile__default-btn uagb-block-839c3732\"><div class=\"uagb-buttons__wrap uagb-buttons-layout-wrap\">\n<div class=\"wp-block-uagb-buttons-child uagb-buttons__outer-wrap uagb-block-51bf0548 wp-block-button\"><div class=\"uagb-button__wrapper\"><a class=\"uagb-buttons-repeater wp-block-button__link\" aria-label=\"\" href=\"https:\/\/rewo.io\/pl\/forma\/\" rel=\"follow noopener\" target=\"_self\" role=\"button\"><span class=\"uagb-button__icon uagb-button__icon-position-before\"><svg xmlns=\"https:\/\/www.w3.org\/2000\/svg\" viewbox=\"0 0 448 512\" aria-hidden=\"true\" focussable=\"false\"><path d=\"M438.6 278.6l-160 160C272.4 444.9 264.2 448 256 448s-16.38-3.125-22.62-9.375c-12.5-12.5-12.5-32.75 0-45.25L338.8 288H32C14.33 288 .0016 273.7 .0016 256S14.33 224 32 224h306.8l-105.4-105.4c-12.5-12.5-12.5-32.75 0-45.25s32.75-12.5 45.25 0l160 160C451.1 245.9 451.1 266.1 438.6 278.6z\"><\/path><\/svg><\/span><div class=\"uagb-button__link\">ZAM\u00d3W DEMO<\/div><\/a><\/div><\/div>\n<\/div><\/div>\n<\/div>\n\n\n\n<div class=\"wp-block-uagb-container uagb-block-0e7f8823\">\n<div class=\"wp-block-uagb-image uagb-block-81bc7ff9 wp-block-uagb-image--layout-default wp-block-uagb-image--effect-zoomin wp-block-uagb-image--align-none\"><figure class=\"wp-block-uagb-image__figure\"><img decoding=\"async\" data-srcset=\"https:\/\/rewo.io\/wp-content\/uploads\/2025\/08\/S5.jpg ,https:\/\/rewo.io\/wp-content\/uploads\/2025\/08\/S5.jpg 780w, https:\/\/rewo.io\/wp-content\/uploads\/2025\/08\/S5.jpg 360w\" data-sizes=\"auto, (max-width: 480px) 150px\" data-src=\"https:\/\/rewo.io\/wp-content\/uploads\/2025\/08\/S5.jpg\" alt=\"Grupa pracownik\u00f3w fabryki\" class=\"uag-image-22090 lazyload\" width=\"600\" height=\"800\" title=\"S5\" role=\"img\" src=\"data:image\/svg+xml;base64,PHN2ZyB3aWR0aD0iMSIgaGVpZ2h0PSIxIiB4bWxucz0iaHR0cDovL3d3dy53My5vcmcvMjAwMC9zdmciPjwvc3ZnPg==\" style=\"--smush-placeholder-width: 600px; --smush-placeholder-aspect-ratio: 600\/800;\" \/><\/figure><\/div>\n<\/div>\n<\/div>\n\n\n\n<div style=\"height:40px\" aria-hidden=\"true\" class=\"wp-block-spacer\"><\/div>\n\n\n\n<div class=\"wp-block-uagb-container uagb-block-fa8cb3bf alignwide uagb-is-root-container\">\n<div class=\"wp-block-uagb-container uagb-block-7f75b6ec\">\n<div class=\"wp-block-uagb-info-box uagb-block-6d523725 uagb-infobox__content-wrap  uagb-infobox-icon-above-title uagb-infobox-image-valign-top\"><div class=\"uagb-ifb-content\"><div class=\"uagb-ifb-title-wrap\"><h1 class=\"uagb-ifb-title\">Inteligentne, bezpieczne i wydajne.<\/h1><\/div><p class=\"uagb-ifb-desc\">REWO zosta\u0142o stworzone przez producent\u00f3w dla producent\u00f3w. Prosz\u0119 zarezerwowa\u0107 demo, aby zobaczy\u0107 je w akcji ju\u017c dzi\u015b!<\/p><\/div><\/div>\n\n\n\n<div class=\"wp-block-uagb-buttons uagb-buttons__outer-wrap uagb-btn__default-btn uagb-btn-tablet__default-btn uagb-btn-mobile__default-btn uagb-block-cc79c109\"><div class=\"uagb-buttons__wrap uagb-buttons-layout-wrap\">\n<div class=\"wp-block-uagb-buttons-child uagb-buttons__outer-wrap uagb-block-cafd2dc6 wp-block-button\"><div class=\"uagb-button__wrapper\"><a class=\"uagb-buttons-repeater wp-block-button__link\" aria-label=\"\" href=\"https:\/\/rewo.io\/pl\/forma\/\" rel=\"follow noopener\" target=\"_self\" role=\"button\"><div class=\"uagb-button__link\">PROSZ\u0118 ZAREZERWOWA\u0106 DEMO JU\u017b TERAZ<\/div><\/a><\/div><\/div>\n\n\n\n<div class=\"wp-block-uagb-buttons-child uagb-buttons__outer-wrap uagb-block-aa94abf8 wp-block-button\"><div class=\"uagb-button__wrapper\"><a class=\"uagb-buttons-repeater wp-block-button__link\" aria-label=\"\" href=\"https:\/\/rewo.io\/pl\/cechy-produktu\/\" rel=\"follow noopener\" target=\"_self\" role=\"button\"><div class=\"uagb-button__link\">CECHY PRODUKTU<\/div><\/a><\/div><\/div>\n<\/div><\/div>\n<\/div>\n<\/div>","protected":false},"excerpt":{"rendered":"","protected":false},"author":2,"featured_media":0,"parent":0,"menu_order":0,"comment_status":"closed","ping_status":"closed","template":"","meta":{"content-type":"","_uag_custom_page_level_css":"","site-sidebar-layout":"default","site-content-layout":"plain-container","ast-site-content-layout":"normal-width-container","site-content-style":"unboxed","site-sidebar-style":"unboxed","ast-global-header-display":"","ast-banner-title-visibility":"","ast-main-header-display":"","ast-hfb-above-header-display":"","ast-hfb-below-header-display":"","ast-hfb-mobile-header-display":"","site-post-title":"disabled","ast-breadcrumbs-content":"","ast-featured-img":"","footer-sml-layout":"","ast-disable-related-posts":"","theme-transparent-header-meta":"","adv-header-id-meta":"","stick-header-meta":"","header-above-stick-meta":"","header-main-stick-meta":"","header-below-stick-meta":"","astra-migrate-meta-layouts":"set","ast-page-background-enabled":"default","ast-page-background-meta":{"desktop":{"background-color":"","background-image":"","background-repeat":"repeat","background-position":"center center","background-size":"auto","background-attachment":"scroll","background-type":"","background-media":"","overlay-type":"","overlay-color":"","overlay-opacity":"","overlay-gradient":""},"tablet":{"background-color":"","background-image":"","background-repeat":"repeat","background-position":"center center","background-size":"auto","background-attachment":"scroll","background-type":"","background-media":"","overlay-type":"","overlay-color":"","overlay-opacity":"","overlay-gradient":""},"mobile":{"background-color":"","background-image":"","background-repeat":"repeat","background-position":"center center","background-size":"auto","background-attachment":"scroll","background-type":"","background-media":"","overlay-type":"","overlay-color":"","overlay-opacity":"","overlay-gradient":""}},"ast-content-background-meta":{"desktop":{"background-color":"var(--ast-global-color-5)","background-image":"","background-repeat":"repeat","background-position":"center center","background-size":"auto","background-attachment":"scroll","background-type":"","background-media":"","overlay-type":"","overlay-color":"","overlay-opacity":"","overlay-gradient":""},"tablet":{"background-color":"var(--ast-global-color-5)","background-image":"","background-repeat":"repeat","background-position":"center center","background-size":"auto","background-attachment":"scroll","background-type":"","background-media":"","overlay-type":"","overlay-color":"","overlay-opacity":"","overlay-gradient":""},"mobile":{"background-color":"var(--ast-global-color-5)","background-image":"","background-repeat":"repeat","background-position":"center center","background-size":"auto","background-attachment":"scroll","background-type":"","background-media":"","overlay-type":"","overlay-color":"","overlay-opacity":"","overlay-gradient":""}},"footnotes":""},"folder":[],"class_list":["post-9509","page","type-page","status-publish","hentry"],"uagb_featured_image_src":{"full":false,"thumbnail":false,"medium":false,"medium_large":false,"large":false,"1536x1536":false,"2048x2048":false,"trp-custom-language-flag":false},"uagb_author_info":{"display_name":"VIAR","author_link":"https:\/\/rewo.io\/pl\/author\/viar\/"},"uagb_comment_info":0,"uagb_excerpt":null,"_links":{"self":[{"href":"https:\/\/rewo.io\/pl\/wp-json\/wp\/v2\/pages\/9509","targetHints":{"allow":["GET"]}}],"collection":[{"href":"https:\/\/rewo.io\/pl\/wp-json\/wp\/v2\/pages"}],"about":[{"href":"https:\/\/rewo.io\/pl\/wp-json\/wp\/v2\/types\/page"}],"author":[{"embeddable":true,"href":"https:\/\/rewo.io\/pl\/wp-json\/wp\/v2\/users\/2"}],"replies":[{"embeddable":true,"href":"https:\/\/rewo.io\/pl\/wp-json\/wp\/v2\/comments?post=9509"}],"version-history":[{"count":0,"href":"https:\/\/rewo.io\/pl\/wp-json\/wp\/v2\/pages\/9509\/revisions"}],"wp:attachment":[{"href":"https:\/\/rewo.io\/pl\/wp-json\/wp\/v2\/media?parent=9509"}],"wp:term":[{"taxonomy":"folder","embeddable":true,"href":"https:\/\/rewo.io\/pl\/wp-json\/wp\/v2\/folder?post=9509"}],"curies":[{"name":"wp","href":"https:\/\/api.w.org\/{rel}","templated":true}]}}