{"id":9509,"date":"2023-02-01T13:58:52","date_gmt":"2023-02-01T13:58:52","guid":{"rendered":"https:\/\/rewo.io\/?page_id=9509"},"modified":"2025-08-22T12:41:38","modified_gmt":"2025-08-22T12:41:38","slug":"ako-funguje-rewo","status":"publish","type":"page","link":"https:\/\/rewo.io\/sk\/how-rewo-works\/","title":{"rendered":"REWO.io | Ako v\u00e1m REWO pom\u00e1ha r\u00fdchlej\u0161ie \u0161tandardizova\u0165 pr\u00e1cu | Proces"},"content":{"rendered":"<p><\/p>\n\n\n\n<div class=\"wp-block-uagb-container uagb-block-cf6fdc2d alignwide uagb-is-root-container\">\n<div class=\"wp-block-uagb-container uagb-block-b5e3de55\">\n<div class=\"wp-block-uagb-info-box uagb-block-b00bbb4d uagb-infobox__content-wrap  uagb-infobox-icon-above-title uagb-infobox-image-valign-top\"><div class=\"uagb-ifb-content\"><div class=\"uagb-ifb-title-wrap\"><h1 class=\"uagb-ifb-title\">Ako REWO transformuje kme\u0148ov\u00e9 znalosti do opakovate\u013enej dokonalosti<\/h1><\/div><div class=\"uagb-ifb-desc\">\n<p>Syst\u00e9m REWO v\u00e1m pom\u00f4\u017ee zachyti\u0165 odborn\u00e9 znalosti, premeni\u0165 ich na vizu\u00e1lne pokyny a udr\u017eiava\u0165 ich dostupn\u00e9, aktu\u00e1lne a viacjazy\u010dn\u00e9 - tak\u017ee va\u0161e oper\u00e1cie sa u\u017e nikdy nebud\u00fa spolieha\u0165 na dohady.<\/p>\n<\/div><\/div><\/div>\n\n\n\n<div class=\"wp-block-uagb-buttons uagb-buttons__outer-wrap uagb-btn__default-btn uagb-btn-tablet__default-btn uagb-btn-mobile__default-btn uagb-block-bef2ab22\"><div class=\"uagb-buttons__wrap uagb-buttons-layout-wrap\">\n<div class=\"wp-block-uagb-buttons-child uagb-buttons__outer-wrap uagb-block-5c4ade24 wp-block-button\"><div class=\"uagb-button__wrapper\"><a class=\"uagb-buttons-repeater wp-block-button__link\" aria-label=\"\" href=\"#stepone\" rel=\"follow noopener\" target=\"_self\" role=\"button\"><div class=\"uagb-button__link\">PRESK\u00daMAJTE PROCES REWO<\/div><span class=\"uagb-button__icon uagb-button__icon-position-after\"><svg xmlns=\"https:\/\/www.w3.org\/2000\/svg\" viewbox=\"0 0 320 512\" aria-hidden=\"true\" focussable=\"false\"><path d=\"M9.375 329.4c12.51-12.51 32.76-12.49 45.25 0L128 402.8V32c0-17.69 14.31-32 32-32s32 14.31 32 32v370.8l73.38-73.38c12.5-12.5 32.75-12.5 45.25 0s12.5 32.75 0 45.25l-128 128c-12.5 12.5-32.75 12.5-45.25 0l-128-128C-3.125 362.1-3.125 341.9 9.375 329.4z\"><\/path><\/svg><\/span><\/a><\/div><\/div>\n<\/div><\/div>\n<\/div>\n<\/div>\n\n\n\n<div style=\"height:40px\" aria-hidden=\"true\" class=\"wp-block-spacer\"><\/div>\n\n\n\n<div id=\"stepone\" class=\"wp-block-uagb-container uagb-block-738491b6 alignwide uagb-is-root-container\">\n<div class=\"wp-block-uagb-container uagb-block-6159528e\">\n<div class=\"wp-block-uagb-info-box uagb-block-df79e7ea uagb-infobox__content-wrap  uagb-infobox-icon-above-title uagb-infobox-image-valign-top\"><div class=\"uagb-ifb-content\"><div class=\"uagb-ifb-title-wrap\"><span class=\"uagb-ifb-title-prefix\">Krok 1 - Zachytenie odborn\u00fdch znalost\u00ed<\/span><h2 class=\"uagb-ifb-title\">Zachytenie toho, \u010do skuto\u010dne funguje na pracovisku<\/h2><\/div><p class=\"uagb-ifb-desc\">R\u00fdchle zdokumentovanie re\u00e1lnych procesov - priamo od va\u0161ich sk\u00fasen\u00fdch pracovn\u00edkov. Pou\u017e\u00edvajte mobiln\u00e9 zariadenia na zachyt\u00e1vanie vide\u00ed a fotografi\u00ed priamo na mieste. Tieto nespracovan\u00e9 odborn\u00e9 znalosti sa stan\u00fa z\u00e1kladom spo\u013eahliv\u00fdch pokynov, u\u017e \u017eiadne dohady.<\/p><\/div><\/div>\n\n\n\n<div class=\"wp-block-uagb-buttons uagb-buttons__outer-wrap uagb-btn__default-btn uagb-btn-tablet__default-btn uagb-btn-mobile__default-btn uagb-block-da9e3f1b\"><div class=\"uagb-buttons__wrap uagb-buttons-layout-wrap\">\n<div class=\"wp-block-uagb-buttons-child uagb-buttons__outer-wrap uagb-block-461f65ee wp-block-button\"><div class=\"uagb-button__wrapper\"><a class=\"uagb-buttons-repeater wp-block-button__link\" aria-label=\"\" href=\"#steptwo\" rel=\"follow noopener\" target=\"_self\" role=\"button\"><div class=\"uagb-button__link\">\u010eAL\u0160\u00cd KROK<\/div><span class=\"uagb-button__icon uagb-button__icon-position-after\"><svg xmlns=\"https:\/\/www.w3.org\/2000\/svg\" viewbox=\"0 0 320 512\" aria-hidden=\"true\" focussable=\"false\"><path d=\"M9.375 329.4c12.51-12.51 32.76-12.49 45.25 0L128 402.8V32c0-17.69 14.31-32 32-32s32 14.31 32 32v370.8l73.38-73.38c12.5-12.5 32.75-12.5 45.25 0s12.5 32.75 0 45.25l-128 128c-12.5 12.5-32.75 12.5-45.25 0l-128-128C-3.125 362.1-3.125 341.9 9.375 329.4z\"><\/path><\/svg><\/span><\/a><\/div><\/div>\n<\/div><\/div>\n<\/div>\n\n\n\n<div class=\"wp-block-uagb-container uagb-block-aca4e828\">\n<div class=\"wp-block-uagb-image uagb-block-ce141ba8 wp-block-uagb-image--layout-default wp-block-uagb-image--effect-zoomin wp-block-uagb-image--align-none\"><figure class=\"wp-block-uagb-image__figure\"><img decoding=\"async\" data-srcset=\"https:\/\/rewo.io\/wp-content\/uploads\/2025\/08\/S1.jpg ,https:\/\/rewo.io\/wp-content\/uploads\/2025\/08\/S1.jpg 780w, https:\/\/rewo.io\/wp-content\/uploads\/2025\/08\/S1.jpg 360w\" data-sizes=\"auto, (max-width: 480px) 150px\" data-src=\"https:\/\/rewo.io\/wp-content\/uploads\/2025\/08\/S1.jpg\" alt=\"Mu\u017e zaznamen\u00e1vaj\u00faci pracovn\u00fd proces\" class=\"uag-image-22085 lazyload\" width=\"600\" height=\"800\" title=\"S1\" role=\"img\" src=\"data:image\/svg+xml;base64,PHN2ZyB3aWR0aD0iMSIgaGVpZ2h0PSIxIiB4bWxucz0iaHR0cDovL3d3dy53My5vcmcvMjAwMC9zdmciPjwvc3ZnPg==\" style=\"--smush-placeholder-width: 600px; --smush-placeholder-aspect-ratio: 600\/800;\" \/><\/figure><\/div>\n<\/div>\n<\/div>\n\n\n\n<div style=\"height:40px\" aria-hidden=\"true\" class=\"wp-block-spacer\"><\/div>\n\n\n\n<div id=\"steptwo\" class=\"wp-block-uagb-container uagb-block-8cabff7d alignwide uagb-is-root-container\">\n<div class=\"wp-block-uagb-container uagb-block-8bcbc6f3\">\n<div class=\"wp-block-uagb-info-box uagb-block-6e950406 uagb-infobox__content-wrap  uagb-infobox-icon-above-title uagb-infobox-image-valign-top\"><div class=\"uagb-ifb-content\"><div class=\"uagb-ifb-title-wrap\"><span class=\"uagb-ifb-title-prefix\">Krok 2 - Vytvorenie vizu\u00e1lnych pokynov<\/span><h2 class=\"uagb-ifb-title\">Preme\u0148te vedomosti na pou\u017eite\u013en\u00e9 vizu\u00e1ly<\/h2><\/div><p class=\"uagb-ifb-desc\">Transformujte zachyten\u00fd obsah na jasn\u00e9, vizu\u00e1lne pokyny krok za krokom. Pracovn\u00edci sa u\u010dia r\u00fdchlej\u0161ie v\u010faka vide\u00e1m, anot\u00e1ci\u00e1m a vizu\u00e1lom, ktor\u00fdm okam\u017eite rozumej\u00fa, \u010do zvy\u0161uje r\u00fdchlos\u0165 \u0161kolenia a zni\u017euje po\u010det ch\u00fdb.<\/p><\/div><\/div>\n\n\n\n<div class=\"wp-block-uagb-buttons uagb-buttons__outer-wrap uagb-btn__default-btn uagb-btn-tablet__default-btn uagb-btn-mobile__default-btn uagb-block-d5bd5711\"><div class=\"uagb-buttons__wrap uagb-buttons-layout-wrap\">\n<div class=\"wp-block-uagb-buttons-child uagb-buttons__outer-wrap uagb-block-283e6743 wp-block-button\"><div class=\"uagb-button__wrapper\"><a class=\"uagb-buttons-repeater wp-block-button__link\" aria-label=\"\" href=\"#stepthree\" rel=\"follow noopener\" target=\"_self\" role=\"button\"><div class=\"uagb-button__link\">\u010eAL\u0160\u00cd KROK<\/div><span class=\"uagb-button__icon uagb-button__icon-position-after\"><svg xmlns=\"https:\/\/www.w3.org\/2000\/svg\" viewbox=\"0 0 320 512\" aria-hidden=\"true\" focussable=\"false\"><path d=\"M9.375 329.4c12.51-12.51 32.76-12.49 45.25 0L128 402.8V32c0-17.69 14.31-32 32-32s32 14.31 32 32v370.8l73.38-73.38c12.5-12.5 32.75-12.5 45.25 0s12.5 32.75 0 45.25l-128 128c-12.5 12.5-32.75 12.5-45.25 0l-128-128C-3.125 362.1-3.125 341.9 9.375 329.4z\"><\/path><\/svg><\/span><\/a><\/div><\/div>\n<\/div><\/div>\n<\/div>\n\n\n\n<div class=\"wp-block-uagb-container uagb-block-b99cd6e4\">\n<div class=\"wp-block-uagb-image uagb-block-1ab47582 wp-block-uagb-image--layout-default wp-block-uagb-image--effect-zoomin wp-block-uagb-image--align-none\"><figure class=\"wp-block-uagb-image__figure\"><img decoding=\"async\" data-srcset=\"https:\/\/rewo.io\/wp-content\/uploads\/2025\/08\/S2.jpg ,https:\/\/rewo.io\/wp-content\/uploads\/2025\/08\/S2.jpg 780w, https:\/\/rewo.io\/wp-content\/uploads\/2025\/08\/S2.jpg 360w\" data-sizes=\"auto, (max-width: 480px) 150px\" data-src=\"https:\/\/rewo.io\/wp-content\/uploads\/2025\/08\/S2.jpg\" alt=\"Mu\u017e pracuj\u00faci na notebooku\" class=\"uag-image-22086 lazyload\" width=\"600\" height=\"800\" title=\"S2\" role=\"img\" src=\"data:image\/svg+xml;base64,PHN2ZyB3aWR0aD0iMSIgaGVpZ2h0PSIxIiB4bWxucz0iaHR0cDovL3d3dy53My5vcmcvMjAwMC9zdmciPjwvc3ZnPg==\" style=\"--smush-placeholder-width: 600px; --smush-placeholder-aspect-ratio: 600\/800;\" \/><\/figure><\/div>\n<\/div>\n<\/div>\n\n\n\n<div style=\"height:40px\" aria-hidden=\"true\" class=\"wp-block-spacer\"><\/div>\n\n\n\n<div id=\"stepthree\" class=\"wp-block-uagb-container uagb-block-84d070f8 alignwide uagb-is-root-container\">\n<div class=\"wp-block-uagb-container uagb-block-d561cf4f\">\n<div class=\"wp-block-uagb-info-box uagb-block-82aad0ae uagb-infobox__content-wrap  uagb-infobox-icon-above-title uagb-infobox-image-valign-top\"><div class=\"uagb-ifb-content\"><div class=\"uagb-ifb-title-wrap\"><span class=\"uagb-ifb-title-prefix\">Krok 3 - Automatick\u00e1 distrib\u00facia, preklad a aktualiz\u00e1cia<\/span><h2 class=\"uagb-ifb-title\">Automatick\u00e1 aktualiz\u00e1cia, preklad a doru\u010denie pokynov<\/h2><\/div><p class=\"uagb-ifb-desc\">Po schv\u00e1len\u00ed REWO automaticky aktualizuje, distribuuje a preklad\u00e1 pokyny do ak\u00e9hoko\u013evek jazyka. \u017diadne tla\u010denie, \u017eiadne op\u00e4tovn\u00e9 nahr\u00e1vanie. T\u00edmy maj\u00fa v\u017edy k dispoz\u00edcii najnov\u0161iu verziu na akomko\u013evek zariaden\u00ed - v ich rodnom jazyku.<\/p><\/div><\/div>\n\n\n\n<div class=\"wp-block-uagb-buttons uagb-buttons__outer-wrap uagb-btn__default-btn uagb-btn-tablet__default-btn uagb-btn-mobile__default-btn uagb-block-5b8890e9\"><div class=\"uagb-buttons__wrap uagb-buttons-layout-wrap\">\n<div class=\"wp-block-uagb-buttons-child uagb-buttons__outer-wrap uagb-block-1edbea49 wp-block-button\"><div class=\"uagb-button__wrapper\"><a class=\"uagb-buttons-repeater wp-block-button__link\" aria-label=\"\" href=\"#stepfour\" rel=\"follow noopener\" target=\"_self\" role=\"button\"><div class=\"uagb-button__link\">\u010eAL\u0160\u00cd KROK<\/div><span class=\"uagb-button__icon uagb-button__icon-position-after\"><svg xmlns=\"https:\/\/www.w3.org\/2000\/svg\" viewbox=\"0 0 320 512\" aria-hidden=\"true\" focussable=\"false\"><path d=\"M9.375 329.4c12.51-12.51 32.76-12.49 45.25 0L128 402.8V32c0-17.69 14.31-32 32-32s32 14.31 32 32v370.8l73.38-73.38c12.5-12.5 32.75-12.5 45.25 0s12.5 32.75 0 45.25l-128 128c-12.5 12.5-32.75 12.5-45.25 0l-128-128C-3.125 362.1-3.125 341.9 9.375 329.4z\"><\/path><\/svg><\/span><\/a><\/div><\/div>\n<\/div><\/div>\n<\/div>\n\n\n\n<div class=\"wp-block-uagb-container uagb-block-2eb80f7f\">\n<div class=\"wp-block-uagb-image uagb-block-895b2d0f wp-block-uagb-image--layout-default wp-block-uagb-image--effect-zoomin wp-block-uagb-image--align-none\"><figure class=\"wp-block-uagb-image__figure\"><img decoding=\"async\" data-srcset=\"https:\/\/rewo.io\/wp-content\/uploads\/2025\/08\/S3.jpg ,https:\/\/rewo.io\/wp-content\/uploads\/2025\/08\/S3.jpg 780w, https:\/\/rewo.io\/wp-content\/uploads\/2025\/08\/S3.jpg 360w\" data-sizes=\"auto, (max-width: 480px) 150px\" data-src=\"https:\/\/rewo.io\/wp-content\/uploads\/2025\/08\/S3.jpg\" alt=\"Server\" class=\"uag-image-22088 lazyload\" width=\"600\" height=\"800\" title=\"S3\" role=\"img\" src=\"data:image\/svg+xml;base64,PHN2ZyB3aWR0aD0iMSIgaGVpZ2h0PSIxIiB4bWxucz0iaHR0cDovL3d3dy53My5vcmcvMjAwMC9zdmciPjwvc3ZnPg==\" style=\"--smush-placeholder-width: 600px; --smush-placeholder-aspect-ratio: 600\/800;\" \/><\/figure><\/div>\n<\/div>\n<\/div>\n\n\n\n<div style=\"height:40px\" aria-hidden=\"true\" class=\"wp-block-spacer\"><\/div>\n\n\n\n<div id=\"stepfour\" class=\"wp-block-uagb-container uagb-block-9dd1f9bd alignwide uagb-is-root-container\">\n<div class=\"wp-block-uagb-container uagb-block-7b141ea9\">\n<div class=\"wp-block-uagb-info-box uagb-block-7d42a2e4 uagb-infobox__content-wrap  uagb-infobox-icon-above-title uagb-infobox-image-valign-top\"><div class=\"uagb-ifb-content\"><div class=\"uagb-ifb-title-wrap\"><span class=\"uagb-ifb-title-prefix\">Krok 4 - Spo\u013eahliv\u00fd prenos znalost\u00ed<\/span><h2 class=\"uagb-ifb-title\">Tr\u00e9nujte kohoko\u013evek na v\u00fdkon ako odborn\u00edk<\/h2><\/div><p class=\"uagb-ifb-desc\">Pomocou \u0161tandardizovan\u00fdch vizu\u00e1lnych pracovn\u00fdch pokynov m\u00f4\u017eete bez n\u00e1mahy za\u0161koli\u0165 pracovn\u00edkov - aj t\u00fdch bez predch\u00e1dzaj\u00facich sk\u00fasenost\u00ed. Vytv\u00e1rajte \u0161trukt\u00farovan\u00e9 vzdel\u00e1vacie cesty pomocou zabudovan\u00fdch kv\u00edzov, formul\u00e1rov sp\u00e4tnej v\u00e4zby a sledovania pokroku. Bez oh\u013eadu na to, \u010di ide o n\u00e1stup nov\u00fdch zamestnancov alebo zvy\u0161ovanie kvalifik\u00e1cie existuj\u00facich zamestnancov, syst\u00e9m REWO zabezpe\u010duje konzistentn\u00fd v\u00fdkon na \u00farovni expertov v celom t\u00edme.<\/p><\/div><\/div>\n\n\n\n<div class=\"wp-block-uagb-buttons uagb-buttons__outer-wrap uagb-btn__default-btn uagb-btn-tablet__default-btn uagb-btn-mobile__default-btn uagb-block-5bd25d9a\"><div class=\"uagb-buttons__wrap uagb-buttons-layout-wrap\">\n<div class=\"wp-block-uagb-buttons-child uagb-buttons__outer-wrap uagb-block-ab99a8d1 wp-block-button\"><div class=\"uagb-button__wrapper\"><a class=\"uagb-buttons-repeater wp-block-button__link\" aria-label=\"\" href=\"#stepfive\" rel=\"follow noopener\" target=\"_self\" role=\"button\"><div class=\"uagb-button__link\">\u010eAL\u0160\u00cd KROK<\/div><span class=\"uagb-button__icon uagb-button__icon-position-after\"><svg xmlns=\"https:\/\/www.w3.org\/2000\/svg\" viewbox=\"0 0 320 512\" aria-hidden=\"true\" focussable=\"false\"><path d=\"M9.375 329.4c12.51-12.51 32.76-12.49 45.25 0L128 402.8V32c0-17.69 14.31-32 32-32s32 14.31 32 32v370.8l73.38-73.38c12.5-12.5 32.75-12.5 45.25 0s12.5 32.75 0 45.25l-128 128c-12.5 12.5-32.75 12.5-45.25 0l-128-128C-3.125 362.1-3.125 341.9 9.375 329.4z\"><\/path><\/svg><\/span><\/a><\/div><\/div>\n<\/div><\/div>\n<\/div>\n\n\n\n<div class=\"wp-block-uagb-container uagb-block-448940b9\">\n<div class=\"wp-block-uagb-image uagb-block-a090798d wp-block-uagb-image--layout-default wp-block-uagb-image--effect-zoomin wp-block-uagb-image--align-none\"><figure class=\"wp-block-uagb-image__figure\"><img decoding=\"async\" data-srcset=\"https:\/\/rewo.io\/wp-content\/uploads\/2025\/08\/S4.jpg ,https:\/\/rewo.io\/wp-content\/uploads\/2025\/08\/S4.jpg 780w, https:\/\/rewo.io\/wp-content\/uploads\/2025\/08\/S4.jpg 360w\" data-sizes=\"auto, (max-width: 480px) 150px\" data-src=\"https:\/\/rewo.io\/wp-content\/uploads\/2025\/08\/S4.jpg\" alt=\"Mu\u017e sleduj\u00faci pracovn\u00e9 in\u0161trukcie\" class=\"uag-image-22089 lazyload\" width=\"600\" height=\"800\" title=\"S4\" role=\"img\" src=\"data:image\/svg+xml;base64,PHN2ZyB3aWR0aD0iMSIgaGVpZ2h0PSIxIiB4bWxucz0iaHR0cDovL3d3dy53My5vcmcvMjAwMC9zdmciPjwvc3ZnPg==\" style=\"--smush-placeholder-width: 600px; --smush-placeholder-aspect-ratio: 600\/800;\" \/><\/figure><\/div>\n<\/div>\n<\/div>\n\n\n\n<div style=\"height:40px\" aria-hidden=\"true\" class=\"wp-block-spacer\"><\/div>\n\n\n\n<div id=\"stepfive\" class=\"wp-block-uagb-container uagb-block-2f934407 alignwide uagb-is-root-container\">\n<div class=\"wp-block-uagb-container uagb-block-1a6a5bb8\">\n<div class=\"wp-block-uagb-info-box uagb-block-1d9993ce uagb-infobox__content-wrap  uagb-infobox-icon-above-title uagb-infobox-image-valign-top\"><div class=\"uagb-ifb-content\"><div class=\"uagb-ifb-title-wrap\"><span class=\"uagb-ifb-title-prefix\">Krok 5 - Vytvorenie \u017eivej datab\u00e1zy znalost\u00ed<\/span><h2 class=\"uagb-ifb-title\">Udr\u017eujte vedomosti \u017eiv\u00e9 a dostupn\u00e9<\/h2><\/div><p class=\"uagb-ifb-desc\">Ka\u017ed\u00fd pokyn, kurz alebo pr\u00edru\u010dka, ktor\u00e9 vytvor\u00edte, sa stan\u00fa s\u00fa\u010das\u0165ou centralizovanej datab\u00e1zy znalost\u00ed s mo\u017enos\u0165ou vyh\u013ead\u00e1vania. Nikdy nestrat\u00edte d\u00f4le\u017eit\u00e9 know-how, ke\u010f \u013eudia od\u00eddu do d\u00f4chodku alebo od\u00eddu. Zabezpe\u010dte, aby vzdel\u00e1vanie prebiehalo nepretr\u017eite a bolo dostupn\u00e9 v celej spolo\u010dnosti.<\/p><\/div><\/div>\n\n\n\n<div class=\"wp-block-uagb-buttons uagb-buttons__outer-wrap uagb-btn__default-btn uagb-btn-tablet__default-btn uagb-btn-mobile__default-btn uagb-block-839c3732\"><div class=\"uagb-buttons__wrap uagb-buttons-layout-wrap\">\n<div class=\"wp-block-uagb-buttons-child uagb-buttons__outer-wrap uagb-block-51bf0548 wp-block-button\"><div class=\"uagb-button__wrapper\"><a class=\"uagb-buttons-repeater wp-block-button__link\" aria-label=\"\" href=\"https:\/\/rewo.io\/sk\/formular\/\" rel=\"follow noopener\" target=\"_self\" role=\"button\"><span class=\"uagb-button__icon uagb-button__icon-position-before\"><svg xmlns=\"https:\/\/www.w3.org\/2000\/svg\" viewbox=\"0 0 448 512\" aria-hidden=\"true\" focussable=\"false\"><path d=\"M438.6 278.6l-160 160C272.4 444.9 264.2 448 256 448s-16.38-3.125-22.62-9.375c-12.5-12.5-12.5-32.75 0-45.25L338.8 288H32C14.33 288 .0016 273.7 .0016 256S14.33 224 32 224h306.8l-105.4-105.4c-12.5-12.5-12.5-32.75 0-45.25s32.75-12.5 45.25 0l160 160C451.1 245.9 451.1 266.1 438.6 278.6z\"><\/path><\/svg><\/span><div class=\"uagb-button__link\">REZERVOVA\u0164 DEMO<\/div><\/a><\/div><\/div>\n<\/div><\/div>\n<\/div>\n\n\n\n<div class=\"wp-block-uagb-container uagb-block-0e7f8823\">\n<div class=\"wp-block-uagb-image uagb-block-81bc7ff9 wp-block-uagb-image--layout-default wp-block-uagb-image--effect-zoomin wp-block-uagb-image--align-none\"><figure class=\"wp-block-uagb-image__figure\"><img decoding=\"async\" data-srcset=\"https:\/\/rewo.io\/wp-content\/uploads\/2025\/08\/S5.jpg ,https:\/\/rewo.io\/wp-content\/uploads\/2025\/08\/S5.jpg 780w, https:\/\/rewo.io\/wp-content\/uploads\/2025\/08\/S5.jpg 360w\" data-sizes=\"auto, (max-width: 480px) 150px\" data-src=\"https:\/\/rewo.io\/wp-content\/uploads\/2025\/08\/S5.jpg\" alt=\"Skupina tov\u00e1rensk\u00fdch robotn\u00edkov\" class=\"uag-image-22090 lazyload\" width=\"600\" height=\"800\" title=\"S5\" role=\"img\" src=\"data:image\/svg+xml;base64,PHN2ZyB3aWR0aD0iMSIgaGVpZ2h0PSIxIiB4bWxucz0iaHR0cDovL3d3dy53My5vcmcvMjAwMC9zdmciPjwvc3ZnPg==\" style=\"--smush-placeholder-width: 600px; --smush-placeholder-aspect-ratio: 600\/800;\" \/><\/figure><\/div>\n<\/div>\n<\/div>\n\n\n\n<div style=\"height:40px\" aria-hidden=\"true\" class=\"wp-block-spacer\"><\/div>\n\n\n\n<div class=\"wp-block-uagb-container uagb-block-fa8cb3bf alignwide uagb-is-root-container\">\n<div class=\"wp-block-uagb-container uagb-block-7f75b6ec\">\n<div class=\"wp-block-uagb-info-box uagb-block-6d523725 uagb-infobox__content-wrap  uagb-infobox-icon-above-title uagb-infobox-image-valign-top\"><div class=\"uagb-ifb-content\"><div class=\"uagb-ifb-title-wrap\"><h1 class=\"uagb-ifb-title\">Inteligentn\u00e9, bezpe\u010dn\u00e9 a efekt\u00edvne.<\/h1><\/div><p class=\"uagb-ifb-desc\">Spolo\u010dnos\u0165 REWO bola vytvoren\u00e1 v\u00fdrobcami pre v\u00fdrobcov. Objednajte si demo a pozrite si ho v akcii e\u0161te dnes!<\/p><\/div><\/div>\n\n\n\n<div class=\"wp-block-uagb-buttons uagb-buttons__outer-wrap uagb-btn__default-btn uagb-btn-tablet__default-btn uagb-btn-mobile__default-btn uagb-block-cc79c109\"><div class=\"uagb-buttons__wrap uagb-buttons-layout-wrap\">\n<div class=\"wp-block-uagb-buttons-child uagb-buttons__outer-wrap uagb-block-cafd2dc6 wp-block-button\"><div class=\"uagb-button__wrapper\"><a class=\"uagb-buttons-repeater wp-block-button__link\" aria-label=\"\" href=\"https:\/\/rewo.io\/sk\/formular\/\" rel=\"follow noopener\" target=\"_self\" role=\"button\"><div class=\"uagb-button__link\">OBJEDNAJTE SI DEMO TERAZ<\/div><\/a><\/div><\/div>\n\n\n\n<div class=\"wp-block-uagb-buttons-child uagb-buttons__outer-wrap uagb-block-aa94abf8 wp-block-button\"><div class=\"uagb-button__wrapper\"><a class=\"uagb-buttons-repeater wp-block-button__link\" aria-label=\"\" href=\"https:\/\/rewo.io\/sk\/vlastnosti-produktu\/\" rel=\"follow noopener\" target=\"_self\" role=\"button\"><div class=\"uagb-button__link\">VLASTNOSTI PRODUKTU<\/div><\/a><\/div><\/div>\n<\/div><\/div>\n<\/div>\n<\/div>","protected":false},"excerpt":{"rendered":"","protected":false},"author":2,"featured_media":0,"parent":0,"menu_order":0,"comment_status":"closed","ping_status":"closed","template":"","meta":{"content-type":"","_uag_custom_page_level_css":"","site-sidebar-layout":"default","site-content-layout":"plain-container","ast-site-content-layout":"normal-width-container","site-content-style":"unboxed","site-sidebar-style":"unboxed","ast-global-header-display":"","ast-banner-title-visibility":"","ast-main-header-display":"","ast-hfb-above-header-display":"","ast-hfb-below-header-display":"","ast-hfb-mobile-header-display":"","site-post-title":"disabled","ast-breadcrumbs-content":"","ast-featured-img":"","footer-sml-layout":"","ast-disable-related-posts":"","theme-transparent-header-meta":"","adv-header-id-meta":"","stick-header-meta":"","header-above-stick-meta":"","header-main-stick-meta":"","header-below-stick-meta":"","astra-migrate-meta-layouts":"set","ast-page-background-enabled":"default","ast-page-background-meta":{"desktop":{"background-color":"","background-image":"","background-repeat":"repeat","background-position":"center center","background-size":"auto","background-attachment":"scroll","background-type":"","background-media":"","overlay-type":"","overlay-color":"","overlay-opacity":"","overlay-gradient":""},"tablet":{"background-color":"","background-image":"","background-repeat":"repeat","background-position":"center center","background-size":"auto","background-attachment":"scroll","background-type":"","background-media":"","overlay-type":"","overlay-color":"","overlay-opacity":"","overlay-gradient":""},"mobile":{"background-color":"","background-image":"","background-repeat":"repeat","background-position":"center center","background-size":"auto","background-attachment":"scroll","background-type":"","background-media":"","overlay-type":"","overlay-color":"","overlay-opacity":"","overlay-gradient":""}},"ast-content-background-meta":{"desktop":{"background-color":"var(--ast-global-color-5)","background-image":"","background-repeat":"repeat","background-position":"center center","background-size":"auto","background-attachment":"scroll","background-type":"","background-media":"","overlay-type":"","overlay-color":"","overlay-opacity":"","overlay-gradient":""},"tablet":{"background-color":"var(--ast-global-color-5)","background-image":"","background-repeat":"repeat","background-position":"center center","background-size":"auto","background-attachment":"scroll","background-type":"","background-media":"","overlay-type":"","overlay-color":"","overlay-opacity":"","overlay-gradient":""},"mobile":{"background-color":"var(--ast-global-color-5)","background-image":"","background-repeat":"repeat","background-position":"center center","background-size":"auto","background-attachment":"scroll","background-type":"","background-media":"","overlay-type":"","overlay-color":"","overlay-opacity":"","overlay-gradient":""}},"footnotes":""},"folder":[],"class_list":["post-9509","page","type-page","status-publish","hentry"],"uagb_featured_image_src":{"full":false,"thumbnail":false,"medium":false,"medium_large":false,"large":false,"1536x1536":false,"2048x2048":false,"trp-custom-language-flag":false},"uagb_author_info":{"display_name":"VIAR","author_link":"https:\/\/rewo.io\/sk\/author\/viar\/"},"uagb_comment_info":0,"uagb_excerpt":null,"_links":{"self":[{"href":"https:\/\/rewo.io\/sk\/wp-json\/wp\/v2\/pages\/9509","targetHints":{"allow":["GET"]}}],"collection":[{"href":"https:\/\/rewo.io\/sk\/wp-json\/wp\/v2\/pages"}],"about":[{"href":"https:\/\/rewo.io\/sk\/wp-json\/wp\/v2\/types\/page"}],"author":[{"embeddable":true,"href":"https:\/\/rewo.io\/sk\/wp-json\/wp\/v2\/users\/2"}],"replies":[{"embeddable":true,"href":"https:\/\/rewo.io\/sk\/wp-json\/wp\/v2\/comments?post=9509"}],"version-history":[{"count":0,"href":"https:\/\/rewo.io\/sk\/wp-json\/wp\/v2\/pages\/9509\/revisions"}],"wp:attachment":[{"href":"https:\/\/rewo.io\/sk\/wp-json\/wp\/v2\/media?parent=9509"}],"wp:term":[{"taxonomy":"folder","embeddable":true,"href":"https:\/\/rewo.io\/sk\/wp-json\/wp\/v2\/folder?post=9509"}],"curies":[{"name":"wp","href":"https:\/\/api.w.org\/{rel}","templated":true}]}}