{"id":9540,"date":"2023-02-01T13:52:14","date_gmt":"2023-02-01T13:52:14","guid":{"rendered":"https:\/\/rewo.io\/?page_id=9540"},"modified":"2025-08-22T12:39:47","modified_gmt":"2025-08-22T12:39:47","slug":"formular","status":"publish","type":"page","link":"https:\/\/rewo.io\/sk\/form\/","title":{"rendered":"REWO.io | \u017diados\u0165 o demo"},"content":{"rendered":"<p><\/p>\n\n\n\n<div class=\"wp-block-uagb-container uagb-block-58ddf6d8 alignwide uagb-is-root-container\"><div class=\"uagb-container__shape uagb-container__shape-top\"><svg xmlns=\"https:\/\/www.w3.org\/2000\/svg\" viewbox=\"0 0 2600 131.1\" preserveaspectratio=\"none\"><path class=\"uagb-container__shape-fill\" d=\"M0 0L2600 0 2600 69.1 0 0z\"><\/path><path class=\"uagb-container__shape-fill\" opacity=\"0.5\" d=\"M0 0L2600 0 2600 69.1 0 69.1z\"><\/path><path class=\"uagb-container__shape-fill\" opacity=\"0.25\" d=\"M2600 0L0 0 0 130.1 2600 69.1z\"><\/path><\/svg><\/div>\n<div class=\"wp-block-uagb-container uagb-block-852507eb\">\n<div class=\"wp-block-uagb-advanced-heading uagb-block-41810de1\"><h2 class=\"uagb-heading-text\">Vy\u017eiadajte si osobn\u00fa 30-min\u00fatov\u00fa online uk\u00e1\u017eku na\u017eivo!<\/h2><p class=\"uagb-desc-text\">V r\u00e1mci uk\u00e1\u017eky v\u00e1m uk\u00e1\u017eeme:<\/p><\/div>\n\n\n\n<div class=\"wp-block-columns is-layout-flex wp-container-core-columns-is-layout-28f84493 wp-block-columns-is-layout-flex\">\n<div class=\"wp-block-column is-layout-flow wp-block-column-is-layout-flow\">\n<div class=\"wp-block-uagb-icon-list uagb-block-12eab034\"><div class=\"uagb-icon-list__wrap\">\n<div class=\"wp-block-uagb-icon-list-child uagb-block-33d39515\"><span class=\"uagb-icon-list__source-wrap\"><svg xmlns=\"https:\/\/www.w3.org\/2000\/svg\" viewbox=\"0 0 512 512\"><path d=\"M256 0C114.6 0 0 114.6 0 256c0 141.4 114.6 256 256 256s256-114.6 256-256C512 114.6 397.4 0 256 0zM406.6 278.6l-103.1 103.1c-12.5 12.5-32.75 12.5-45.25 0s-12.5-32.75 0-45.25L306.8 288H128C110.3 288 96 273.7 96 256s14.31-32 32-32h178.8l-49.38-49.38c-12.5-12.5-12.5-32.75 0-45.25s32.75-12.5 45.25 0l103.1 103.1C414.6 241.3 416 251.1 416 256C416 260.9 414.6 270.7 406.6 278.6z\"><\/path><\/svg><\/span><span class=\"uagb-icon-list__label\">\u00davod do platformy REWO<\/span><\/div>\n\n\n\n<div class=\"wp-block-uagb-icon-list-child uagb-block-847409b3\"><span class=\"uagb-icon-list__source-wrap\"><svg xmlns=\"https:\/\/www.w3.org\/2000\/svg\" viewbox=\"0 0 512 512\"><path d=\"M256 0C114.6 0 0 114.6 0 256c0 141.4 114.6 256 256 256s256-114.6 256-256C512 114.6 397.4 0 256 0zM406.6 278.6l-103.1 103.1c-12.5 12.5-32.75 12.5-45.25 0s-12.5-32.75 0-45.25L306.8 288H128C110.3 288 96 273.7 96 256s14.31-32 32-32h178.8l-49.38-49.38c-12.5-12.5-12.5-32.75 0-45.25s32.75-12.5 45.25 0l103.1 103.1C414.6 241.3 416 251.1 416 256C416 260.9 414.6 270.7 406.6 278.6z\"><\/path><\/svg><\/span><span class=\"uagb-icon-list__label\">Ako vytvori\u0165 vizu\u00e1lne pracovn\u00e9 pokyny<\/span><\/div>\n\n\n\n<div class=\"wp-block-uagb-icon-list-child uagb-block-06b28324\"><span class=\"uagb-icon-list__source-wrap\"><svg xmlns=\"https:\/\/www.w3.org\/2000\/svg\" viewbox=\"0 0 512 512\"><path d=\"M256 0C114.6 0 0 114.6 0 256c0 141.4 114.6 256 256 256s256-114.6 256-256C512 114.6 397.4 0 256 0zM406.6 278.6l-103.1 103.1c-12.5 12.5-32.75 12.5-45.25 0s-12.5-32.75 0-45.25L306.8 288H128C110.3 288 96 273.7 96 256s14.31-32 32-32h178.8l-49.38-49.38c-12.5-12.5-12.5-32.75 0-45.25s32.75-12.5 45.25 0l103.1 103.1C414.6 241.3 416 251.1 416 256C416 260.9 414.6 270.7 406.6 278.6z\"><\/path><\/svg><\/span><span class=\"uagb-icon-list__label\">Ako distribuova\u0165 digit\u00e1lne pokyny<\/span><\/div>\n<\/div><\/div>\n<\/div>\n\n\n\n<div class=\"wp-block-column is-layout-flow wp-block-column-is-layout-flow\">\n<div class=\"wp-block-uagb-icon-list uagb-block-5ecf7f4b\"><div class=\"uagb-icon-list__wrap\">\n<div class=\"wp-block-uagb-icon-list-child uagb-block-acd70597\"><span class=\"uagb-icon-list__source-wrap\"><svg xmlns=\"https:\/\/www.w3.org\/2000\/svg\" viewbox=\"0 0 512 512\"><path d=\"M256 0C114.6 0 0 114.6 0 256c0 141.4 114.6 256 256 256s256-114.6 256-256C512 114.6 397.4 0 256 0zM406.6 278.6l-103.1 103.1c-12.5 12.5-32.75 12.5-45.25 0s-12.5-32.75 0-45.25L306.8 288H128C110.3 288 96 273.7 96 256s14.31-32 32-32h178.8l-49.38-49.38c-12.5-12.5-12.5-32.75 0-45.25s32.75-12.5 45.25 0l103.1 103.1C414.6 241.3 416 251.1 416 256C416 260.9 414.6 270.7 406.6 278.6z\"><\/path><\/svg><\/span><span class=\"uagb-icon-list__label\">Ako funguje pracovn\u00fd postup schva\u013eovania<\/span><\/div>\n\n\n\n<div class=\"wp-block-uagb-icon-list-child uagb-block-7c8e370b\"><span class=\"uagb-icon-list__source-wrap\"><svg xmlns=\"https:\/\/www.w3.org\/2000\/svg\" viewbox=\"0 0 512 512\"><path d=\"M256 0C114.6 0 0 114.6 0 256c0 141.4 114.6 256 256 256s256-114.6 256-256C512 114.6 397.4 0 256 0zM406.6 278.6l-103.1 103.1c-12.5 12.5-32.75 12.5-45.25 0s-12.5-32.75 0-45.25L306.8 288H128C110.3 288 96 273.7 96 256s14.31-32 32-32h178.8l-49.38-49.38c-12.5-12.5-12.5-32.75 0-45.25s32.75-12.5 45.25 0l103.1 103.1C414.6 241.3 416 251.1 416 256C416 260.9 414.6 270.7 406.6 278.6z\"><\/path><\/svg><\/span><span class=\"uagb-icon-list__label\">Pr\u00edklady WI vytvoren\u00fdch pomocou REWO<\/span><\/div>\n\n\n\n<div class=\"wp-block-uagb-icon-list-child uagb-block-3a1f7a92\"><span class=\"uagb-icon-list__source-wrap\"><svg xmlns=\"https:\/\/www.w3.org\/2000\/svg\" viewbox=\"0 0 512 512\"><path d=\"M256 0C114.6 0 0 114.6 0 256c0 141.4 114.6 256 256 256s256-114.6 256-256C512 114.6 397.4 0 256 0zM406.6 278.6l-103.1 103.1c-12.5 12.5-32.75 12.5-45.25 0s-12.5-32.75 0-45.25L306.8 288H128C110.3 288 96 273.7 96 256s14.31-32 32-32h178.8l-49.38-49.38c-12.5-12.5-12.5-32.75 0-45.25s32.75-12.5 45.25 0l103.1 103.1C414.6 241.3 416 251.1 416 256C416 260.9 414.6 270.7 406.6 278.6z\"><\/path><\/svg><\/span><span class=\"uagb-icon-list__label\">Ako vytvori\u0165 digit\u00e1lne pr\u00edru\u010dky<\/span><\/div>\n<\/div><\/div>\n<\/div>\n<\/div>\n\n\n\n<p class=\"has-text-align-center\">Pre\u010d\u00edtajte si, ako tieto spolo\u010dnosti vyu\u017e\u00edvaj\u00fa REWO na zv\u00fd\u0161enie svojej prev\u00e1dzkovej dokonalosti! <\/p>\n\n\n\n<div class=\"wp-block-columns is-layout-flex wp-container-core-columns-is-layout-28f84493 wp-block-columns-is-layout-flex\">\n<div class=\"wp-block-column is-layout-flow wp-block-column-is-layout-flow\">\n<div class=\"wp-block-uagb-image aligncenter uagb-block-2f4c52e6 wp-block-uagb-image--layout-default wp-block-uagb-image--effect-static wp-block-uagb-image--align-center\"><figure class=\"wp-block-uagb-image__figure\"><img decoding=\"async\" data-srcset=\"https:\/\/rewo.io\/wp-content\/uploads\/2023\/01\/1-1.png\" data-sizes=\"auto, (max-width: 480px) 150px\" data-src=\"https:\/\/rewo.io\/wp-content\/uploads\/2023\/01\/1-1.png\" alt=\"\" class=\"uag-image-9482 lazyload\" width=\"250\" height=\"100\" title=\"\" role=\"img\" src=\"data:image\/svg+xml;base64,PHN2ZyB3aWR0aD0iMSIgaGVpZ2h0PSIxIiB4bWxucz0iaHR0cDovL3d3dy53My5vcmcvMjAwMC9zdmciPjwvc3ZnPg==\" style=\"--smush-placeholder-width: 250px; --smush-placeholder-aspect-ratio: 250\/100;\" \/><\/figure><\/div>\n<\/div>\n\n\n\n<div class=\"wp-block-column is-layout-flow wp-block-column-is-layout-flow\">\n<div class=\"wp-block-uagb-image aligncenter uagb-block-b42951df wp-block-uagb-image--layout-default wp-block-uagb-image--effect-static wp-block-uagb-image--align-center\"><figure class=\"wp-block-uagb-image__figure\"><img decoding=\"async\" data-srcset=\"https:\/\/rewo.io\/wp-content\/uploads\/2023\/01\/2.png\" data-sizes=\"auto, (max-width: 480px) 150px\" data-src=\"https:\/\/rewo.io\/wp-content\/uploads\/2023\/01\/2.png\" alt=\"\" class=\"uag-image-9483 lazyload\" width=\"250\" height=\"100\" title=\"\" role=\"img\" src=\"data:image\/svg+xml;base64,PHN2ZyB3aWR0aD0iMSIgaGVpZ2h0PSIxIiB4bWxucz0iaHR0cDovL3d3dy53My5vcmcvMjAwMC9zdmciPjwvc3ZnPg==\" style=\"--smush-placeholder-width: 250px; --smush-placeholder-aspect-ratio: 250\/100;\" \/><\/figure><\/div>\n<\/div>\n\n\n\n<div class=\"wp-block-column is-layout-flow wp-block-column-is-layout-flow\">\n<div class=\"wp-block-uagb-image aligncenter uagb-block-85245150 wp-block-uagb-image--layout-default wp-block-uagb-image--effect-static wp-block-uagb-image--align-center\"><figure class=\"wp-block-uagb-image__figure\"><img decoding=\"async\" data-srcset=\"https:\/\/rewo.io\/wp-content\/uploads\/2023\/01\/3.png\" data-sizes=\"auto, (max-width: 480px) 150px\" data-src=\"https:\/\/rewo.io\/wp-content\/uploads\/2023\/01\/3.png\" alt=\"\" class=\"uag-image-9484 lazyload\" width=\"250\" height=\"100\" title=\"\" role=\"img\" src=\"data:image\/svg+xml;base64,PHN2ZyB3aWR0aD0iMSIgaGVpZ2h0PSIxIiB4bWxucz0iaHR0cDovL3d3dy53My5vcmcvMjAwMC9zdmciPjwvc3ZnPg==\" style=\"--smush-placeholder-width: 250px; --smush-placeholder-aspect-ratio: 250\/100;\" \/><\/figure><\/div>\n<\/div>\n<\/div>\n\n\n\n<div class=\"wp-block-columns is-layout-flex wp-container-core-columns-is-layout-28f84493 wp-block-columns-is-layout-flex\">\n<div class=\"wp-block-column is-layout-flow wp-block-column-is-layout-flow\">\n<div class=\"wp-block-uagb-image aligncenter uagb-block-283d44a1 wp-block-uagb-image--layout-default wp-block-uagb-image--effect-static wp-block-uagb-image--align-center\"><figure class=\"wp-block-uagb-image__figure\"><img decoding=\"async\" data-srcset=\"https:\/\/rewo.io\/wp-content\/uploads\/2023\/01\/4.png\" data-sizes=\"auto, (max-width: 480px) 150px\" data-src=\"https:\/\/rewo.io\/wp-content\/uploads\/2023\/01\/4.png\" alt=\"\" class=\"uag-image-9485 lazyload\" width=\"250\" height=\"100\" title=\"\" role=\"img\" src=\"data:image\/svg+xml;base64,PHN2ZyB3aWR0aD0iMSIgaGVpZ2h0PSIxIiB4bWxucz0iaHR0cDovL3d3dy53My5vcmcvMjAwMC9zdmciPjwvc3ZnPg==\" style=\"--smush-placeholder-width: 250px; --smush-placeholder-aspect-ratio: 250\/100;\" \/><\/figure><\/div>\n<\/div>\n\n\n\n<div class=\"wp-block-column is-layout-flow wp-block-column-is-layout-flow\">\n<div class=\"wp-block-uagb-image aligncenter uagb-block-cb8012c6 wp-block-uagb-image--layout-default wp-block-uagb-image--effect-static wp-block-uagb-image--align-center\"><figure class=\"wp-block-uagb-image__figure\"><img decoding=\"async\" data-srcset=\"https:\/\/rewo.io\/wp-content\/uploads\/2023\/01\/5.png\" data-sizes=\"auto, (max-width: 480px) 150px\" data-src=\"https:\/\/rewo.io\/wp-content\/uploads\/2023\/01\/5.png\" alt=\"\" class=\"uag-image-9486 lazyload\" width=\"250\" height=\"100\" title=\"\" role=\"img\" src=\"data:image\/svg+xml;base64,PHN2ZyB3aWR0aD0iMSIgaGVpZ2h0PSIxIiB4bWxucz0iaHR0cDovL3d3dy53My5vcmcvMjAwMC9zdmciPjwvc3ZnPg==\" style=\"--smush-placeholder-width: 250px; --smush-placeholder-aspect-ratio: 250\/100;\" \/><\/figure><\/div>\n<\/div>\n\n\n\n<div class=\"wp-block-column is-layout-flow wp-block-column-is-layout-flow\">\n<div class=\"wp-block-uagb-image aligncenter uagb-block-22825cdb wp-block-uagb-image--layout-default wp-block-uagb-image--effect-static wp-block-uagb-image--align-center\"><figure class=\"wp-block-uagb-image__figure\"><img decoding=\"async\" data-srcset=\"https:\/\/rewo.io\/wp-content\/uploads\/2023\/01\/6.png\" data-sizes=\"auto, (max-width: 480px) 150px\" data-src=\"https:\/\/rewo.io\/wp-content\/uploads\/2023\/01\/6.png\" alt=\"\" class=\"uag-image-9487 lazyload\" width=\"250\" height=\"100\" title=\"\" role=\"img\" src=\"data:image\/svg+xml;base64,PHN2ZyB3aWR0aD0iMSIgaGVpZ2h0PSIxIiB4bWxucz0iaHR0cDovL3d3dy53My5vcmcvMjAwMC9zdmciPjwvc3ZnPg==\" style=\"--smush-placeholder-width: 250px; --smush-placeholder-aspect-ratio: 250\/100;\" \/><\/figure><\/div>\n<\/div>\n<\/div>\n<\/div>\n\n\n\n<div class=\"wp-block-uagb-container uagb-block-570d1731\">\n<div class=\"wp-block-uagb-advanced-heading uagb-block-fa292c64\"><h3 class=\"uagb-heading-text\">Online, na\u017eivo, na mieru, na va\u0161e pohodlie<\/h3><p class=\"uagb-desc-text\">Kontaktujte n\u00e1s prostredn\u00edctvom spodn\u00e9ho formul\u00e1ra<\/p><\/div>\n\n\n\n<script charset=\"utf-8\" type=\"text\/javascript\" src=\"\/\/js.hsforms.net\/forms\/embed\/v2.js\"><\/script>\n<script>\n  hbspt.forms.create({\n    region: \"na1\",\n    portalId: \"1842511\",\n    formId: \"cf1807ee-a8f4-4a6e-8d2f-fe097e1d0541\"\n  });\n<\/script>\n<\/div>\n<\/div>\n\n\n\n<div style=\"height:40px\" aria-hidden=\"true\" class=\"wp-block-spacer\"><\/div>\n\n\n\n<div class=\"wp-block-uagb-container uagb-block-cd07d02b alignwide uagb-is-root-container\">\n<div class=\"wp-block-uagb-advanced-heading uagb-block-6e8a08bc\"><h2 class=\"uagb-heading-text\">12x r\u00fdchlej\u0161ie ako tradi\u010dn\u00e9 met\u00f3dy<\/h2><p class=\"uagb-desc-text\">Pomocou syst\u00e9mu REWO zn\u00ed\u017ete z\u00e1vislos\u0165 od \u0161kolen\u00ed a sk\u00fasenost\u00ed t\u00fdm, \u017ee zdokumentujete procesy sp\u00f4sobom, ktor\u00fd funguje!<\/p><\/div>\n\n\n\n<div class=\"wp-block-uagb-image aligncenter uagb-block-91357140 wp-block-uagb-image--layout-default wp-block-uagb-image--effect-static wp-block-uagb-image--align-center\"><figure class=\"wp-block-uagb-image__figure\"><img decoding=\"async\" data-srcset=\"https:\/\/rewo.io\/wp-content\/uploads\/2021\/11\/BadgeFIT4FoF-02.png\" data-sizes=\"auto, (max-width: 480px) 150px\" data-src=\"https:\/\/rewo.io\/wp-content\/uploads\/2021\/11\/BadgeFIT4FoF-02.png\" alt=\"\" class=\"uag-image-9124 lazyload\" width=\"472\" height=\"192\" title=\"\" role=\"img\" src=\"data:image\/svg+xml;base64,PHN2ZyB3aWR0aD0iMSIgaGVpZ2h0PSIxIiB4bWxucz0iaHR0cDovL3d3dy53My5vcmcvMjAwMC9zdmciPjwvc3ZnPg==\" style=\"--smush-placeholder-width: 472px; --smush-placeholder-aspect-ratio: 472\/192;\" \/><\/figure><\/div>\n<\/div>","protected":false},"excerpt":{"rendered":"<p>Request a personalized online live 30-minute demo! As part of the demo we will show you: Learn how these companies are using REWO to increase their operational excellence! Online, Live, Personalized, at Your Convenience Get in touch via the bottom form 12x Faster Than Traditional Methods Use REWO to reduce the dependence on training and [&hellip;]<\/p>\n","protected":false},"author":2,"featured_media":9639,"parent":0,"menu_order":0,"comment_status":"closed","ping_status":"closed","template":"","meta":{"content-type":"","_uag_custom_page_level_css":"","site-sidebar-layout":"default","site-content-layout":"plain-container","ast-site-content-layout":"normal-width-container","site-content-style":"unboxed","site-sidebar-style":"unboxed","ast-global-header-display":"","ast-banner-title-visibility":"","ast-main-header-display":"","ast-hfb-above-header-display":"","ast-hfb-below-header-display":"","ast-hfb-mobile-header-display":"","site-post-title":"disabled","ast-breadcrumbs-content":"","ast-featured-img":"","footer-sml-layout":"","ast-disable-related-posts":"","theme-transparent-header-meta":"","adv-header-id-meta":"","stick-header-meta":"","header-above-stick-meta":"","header-main-stick-meta":"","header-below-stick-meta":"","astra-migrate-meta-layouts":"set","ast-page-background-enabled":"default","ast-page-background-meta":{"desktop":{"background-color":"","background-image":"","background-repeat":"repeat","background-position":"center center","background-size":"auto","background-attachment":"scroll","background-type":"","background-media":"","overlay-type":"","overlay-color":"","overlay-opacity":"","overlay-gradient":""},"tablet":{"background-color":"","background-image":"","background-repeat":"repeat","background-position":"center center","background-size":"auto","background-attachment":"scroll","background-type":"","background-media":"","overlay-type":"","overlay-color":"","overlay-opacity":"","overlay-gradient":""},"mobile":{"background-color":"","background-image":"","background-repeat":"repeat","background-position":"center center","background-size":"auto","background-attachment":"scroll","background-type":"","background-media":"","overlay-type":"","overlay-color":"","overlay-opacity":"","overlay-gradient":""}},"ast-content-background-meta":{"desktop":{"background-color":"var(--ast-global-color-5)","background-image":"","background-repeat":"repeat","background-position":"center center","background-size":"auto","background-attachment":"scroll","background-type":"","background-media":"","overlay-type":"","overlay-color":"","overlay-opacity":"","overlay-gradient":""},"tablet":{"background-color":"var(--ast-global-color-5)","background-image":"","background-repeat":"repeat","background-position":"center center","background-size":"auto","background-attachment":"scroll","background-type":"","background-media":"","overlay-type":"","overlay-color":"","overlay-opacity":"","overlay-gradient":""},"mobile":{"background-color":"var(--ast-global-color-5)","background-image":"","background-repeat":"repeat","background-position":"center center","background-size":"auto","background-attachment":"scroll","background-type":"","background-media":"","overlay-type":"","overlay-color":"","overlay-opacity":"","overlay-gradient":""}},"footnotes":""},"folder":[],"class_list":["post-9540","page","type-page","status-publish","has-post-thumbnail","hentry"],"uagb_featured_image_src":{"full":["https:\/\/rewo.io\/wp-content\/uploads\/2023\/01\/REWO-PLAY-1.png",536,402,false],"thumbnail":["https:\/\/rewo.io\/wp-content\/uploads\/2023\/01\/REWO-PLAY-1-150x150.png",150,150,true],"medium":["https:\/\/rewo.io\/wp-content\/uploads\/2023\/01\/REWO-PLAY-1-300x225.png",300,225,true],"medium_large":["https:\/\/rewo.io\/wp-content\/uploads\/2023\/01\/REWO-PLAY-1.png",536,402,false],"large":["https:\/\/rewo.io\/wp-content\/uploads\/2023\/01\/REWO-PLAY-1.png",536,402,false],"1536x1536":["https:\/\/rewo.io\/wp-content\/uploads\/2023\/01\/REWO-PLAY-1.png",536,402,false],"2048x2048":["https:\/\/rewo.io\/wp-content\/uploads\/2023\/01\/REWO-PLAY-1.png",536,402,false],"trp-custom-language-flag":["https:\/\/rewo.io\/wp-content\/uploads\/2023\/01\/REWO-PLAY-1.png",16,12,false]},"uagb_author_info":{"display_name":"VIAR","author_link":"https:\/\/rewo.io\/sk\/author\/viar\/"},"uagb_comment_info":0,"uagb_excerpt":"Request a personalized online live 30-minute demo! As part of the demo we will show you: Learn how these companies are using REWO to increase their operational excellence! Online, Live, Personalized, at Your Convenience Get in touch via the bottom form 12x Faster Than Traditional Methods Use REWO to reduce the dependence on training and&hellip;","_links":{"self":[{"href":"https:\/\/rewo.io\/sk\/wp-json\/wp\/v2\/pages\/9540","targetHints":{"allow":["GET"]}}],"collection":[{"href":"https:\/\/rewo.io\/sk\/wp-json\/wp\/v2\/pages"}],"about":[{"href":"https:\/\/rewo.io\/sk\/wp-json\/wp\/v2\/types\/page"}],"author":[{"embeddable":true,"href":"https:\/\/rewo.io\/sk\/wp-json\/wp\/v2\/users\/2"}],"replies":[{"embeddable":true,"href":"https:\/\/rewo.io\/sk\/wp-json\/wp\/v2\/comments?post=9540"}],"version-history":[{"count":0,"href":"https:\/\/rewo.io\/sk\/wp-json\/wp\/v2\/pages\/9540\/revisions"}],"wp:featuredmedia":[{"embeddable":true,"href":"https:\/\/rewo.io\/sk\/wp-json\/wp\/v2\/media\/9639"}],"wp:attachment":[{"href":"https:\/\/rewo.io\/sk\/wp-json\/wp\/v2\/media?parent=9540"}],"wp:term":[{"taxonomy":"folder","embeddable":true,"href":"https:\/\/rewo.io\/sk\/wp-json\/wp\/v2\/folder?post=9540"}],"curies":[{"name":"wp","href":"https:\/\/api.w.org\/{rel}","templated":true}]}}