{"id":43436,"date":"2025-09-16T12:38:06","date_gmt":"2025-09-16T12:38:06","guid":{"rendered":"https:\/\/rewo.io\/?page_id=43436"},"modified":"2026-03-25T12:03:00","modified_gmt":"2026-03-25T12:03:00","slug":"studija-primera-hidria-hvala","status":"publish","type":"page","link":"https:\/\/rewo.io\/sl\/hidria-case-study-thank-you\/","title":{"rendered":"\u0160tudija primera Hidria Hvala"},"content":{"rendered":"<div style=\"height:195px\" aria-hidden=\"true\" class=\"wp-block-spacer uag-hide-mob\"><\/div>\n\n\n\n<h2 class=\"wp-block-heading has-text-align-center\">Hvala.<\/h2>\n\n\n\n<p class=\"has-text-align-center\">Va\u0161a \u0161tudija primera Hidrie je na poti. Preverite svoj e-po\u0161tni nabiralnik \u2013 \u010de je ne vidite v glavnem nabiralniku, se prepri\u010dajte, da preverite mapo z vsiljeno po\u0161to (spam) ali promocije. \u010ce ne najdete e-po\u0161tnega sporo\u010dila z zahtevanimi gradivi, se obrnite na <a href=\"mailto:support@rewo.io\">support@rewo.io<\/a>.<\/p>\n\n\n\n<p class=\"has-text-align-center\"><strong>Lep pozdrav, REWO<\/strong><\/p>\n\n\n\n<div style=\"height:195px\" aria-hidden=\"true\" class=\"wp-block-spacer uag-hide-mob\"><\/div>","protected":false},"excerpt":{"rendered":"<p>Thank You Your Hidria Case Study is on its way. Check your email\u2014if you don\u2019t see it in your inbox, be sure to check your spam or promotions folder. If you can&#8217;t find an email with the materials you requested please reach out to support@rewo.io. Kindest regards, REWO<\/p>","protected":false},"author":2,"featured_media":0,"parent":0,"menu_order":0,"comment_status":"closed","ping_status":"closed","template":"","meta":{"content-type":"","_uag_custom_page_level_css":"","site-sidebar-layout":"default","site-content-layout":"","ast-site-content-layout":"default","site-content-style":"default","site-sidebar-style":"default","ast-global-header-display":"","ast-banner-title-visibility":"","ast-main-header-display":"","ast-hfb-above-header-display":"","ast-hfb-below-header-display":"","ast-hfb-mobile-header-display":"","site-post-title":"disabled","ast-breadcrumbs-content":"","ast-featured-img":"","footer-sml-layout":"","ast-disable-related-posts":"","theme-transparent-header-meta":"","adv-header-id-meta":"","stick-header-meta":"","header-above-stick-meta":"","header-main-stick-meta":"","header-below-stick-meta":"","astra-migrate-meta-layouts":"set","ast-page-background-enabled":"default","ast-page-background-meta":{"desktop":{"background-color":"","background-image":"","background-repeat":"repeat","background-position":"center center","background-size":"auto","background-attachment":"scroll","background-type":"","background-media":"","overlay-type":"","overlay-color":"","overlay-opacity":"","overlay-gradient":""},"tablet":{"background-color":"","background-image":"","background-repeat":"repeat","background-position":"center center","background-size":"auto","background-attachment":"scroll","background-type":"","background-media":"","overlay-type":"","overlay-color":"","overlay-opacity":"","overlay-gradient":""},"mobile":{"background-color":"","background-image":"","background-repeat":"repeat","background-position":"center center","background-size":"auto","background-attachment":"scroll","background-type":"","background-media":"","overlay-type":"","overlay-color":"","overlay-opacity":"","overlay-gradient":""}},"ast-content-background-meta":{"desktop":{"background-color":"var(--ast-global-color-5)","background-image":"","background-repeat":"repeat","background-position":"center center","background-size":"auto","background-attachment":"scroll","background-type":"","background-media":"","overlay-type":"","overlay-color":"","overlay-opacity":"","overlay-gradient":""},"tablet":{"background-color":"var(--ast-global-color-5)","background-image":"","background-repeat":"repeat","background-position":"center center","background-size":"auto","background-attachment":"scroll","background-type":"","background-media":"","overlay-type":"","overlay-color":"","overlay-opacity":"","overlay-gradient":""},"mobile":{"background-color":"var(--ast-global-color-5)","background-image":"","background-repeat":"repeat","background-position":"center center","background-size":"auto","background-attachment":"scroll","background-type":"","background-media":"","overlay-type":"","overlay-color":"","overlay-opacity":"","overlay-gradient":""}},"footnotes":""},"folder":[875],"class_list":["post-43436","page","type-page","status-publish","hentry"],"uagb_featured_image_src":{"full":false,"thumbnail":false,"medium":false,"medium_large":false,"large":false,"1536x1536":false,"2048x2048":false,"trp-custom-language-flag":false},"uagb_author_info":{"display_name":"VIAR","author_link":"https:\/\/rewo.io\/sl\/author\/viar\/"},"uagb_comment_info":0,"uagb_excerpt":"Thank You Your Hidria Case Study is on its way. Check your email\u2014if you don\u2019t see it in your inbox, be sure to check your spam or promotions folder. If you can&#8217;t find an email with the materials you requested please reach out to support@rewo.io. Kindest regards, REWO","_links":{"self":[{"href":"https:\/\/rewo.io\/sl\/wp-json\/wp\/v2\/pages\/43436","targetHints":{"allow":["GET"]}}],"collection":[{"href":"https:\/\/rewo.io\/sl\/wp-json\/wp\/v2\/pages"}],"about":[{"href":"https:\/\/rewo.io\/sl\/wp-json\/wp\/v2\/types\/page"}],"author":[{"embeddable":true,"href":"https:\/\/rewo.io\/sl\/wp-json\/wp\/v2\/users\/2"}],"replies":[{"embeddable":true,"href":"https:\/\/rewo.io\/sl\/wp-json\/wp\/v2\/comments?post=43436"}],"version-history":[{"count":0,"href":"https:\/\/rewo.io\/sl\/wp-json\/wp\/v2\/pages\/43436\/revisions"}],"wp:attachment":[{"href":"https:\/\/rewo.io\/sl\/wp-json\/wp\/v2\/media?parent=43436"}],"wp:term":[{"taxonomy":"folder","embeddable":true,"href":"https:\/\/rewo.io\/sl\/wp-json\/wp\/v2\/folder?post=43436"}],"curies":[{"name":"wp","href":"https:\/\/api.w.org\/{rel}","templated":true}]}}