{"id":9509,"date":"2023-02-01T13:58:52","date_gmt":"2023-02-01T13:58:52","guid":{"rendered":"https:\/\/rewo.io\/?page_id=9509"},"modified":"2025-08-22T12:41:38","modified_gmt":"2025-08-22T12:41:38","slug":"kako-deluje-sistem-rewo","status":"publish","type":"page","link":"https:\/\/rewo.io\/sl\/how-rewo-works\/","title":{"rendered":"REWO.io | Kako vam REWO pomaga hitreje standardizirati delo | Proces"},"content":{"rendered":"<p><\/p>\n\n\n\n<div class=\"wp-block-uagb-container uagb-block-cf6fdc2d alignwide uagb-is-root-container\">\n<div class=\"wp-block-uagb-container uagb-block-b5e3de55\">\n<div class=\"wp-block-uagb-info-box uagb-block-b00bbb4d uagb-infobox__content-wrap  uagb-infobox-icon-above-title uagb-infobox-image-valign-top\"><div class=\"uagb-ifb-content\"><div class=\"uagb-ifb-title-wrap\"><h1 class=\"uagb-ifb-title\">Kako REWO spreminja skrito znanje v ponovljivo odli\u010dnost<\/h1><\/div><div class=\"uagb-ifb-desc\">\n<p>REWO vam pomaga pri zajemanju strokovnega znanja, njegovem pretvarjanju v vizualna navodila ter ohranjanju dostopnosti, a\u017eurnosti in ve\u010djezi\u010dnosti, tako da se va\u0161e dejavnosti nikoli ve\u010d ne bodo zana\u0161ale na ugibanja.<\/p>\n<\/div><\/div><\/div>\n\n\n\n<div class=\"wp-block-uagb-buttons uagb-buttons__outer-wrap uagb-btn__default-btn uagb-btn-tablet__default-btn uagb-btn-mobile__default-btn uagb-block-bef2ab22\"><div class=\"uagb-buttons__wrap uagb-buttons-layout-wrap\">\n<div class=\"wp-block-uagb-buttons-child uagb-buttons__outer-wrap uagb-block-5c4ade24 wp-block-button\"><div class=\"uagb-button__wrapper\"><a class=\"uagb-buttons-repeater wp-block-button__link\" aria-label=\"\" href=\"#stepone\" rel=\"follow noopener\" target=\"_self\" role=\"button\"><div class=\"uagb-button__link\">RAZISKATI POSTOPEK REWO<\/div><span class=\"uagb-button__icon uagb-button__icon-position-after\"><svg xmlns=\"https:\/\/www.w3.org\/2000\/svg\" viewbox=\"0 0 320 512\" aria-hidden=\"true\" focussable=\"false\"><path d=\"M9.375 329.4c12.51-12.51 32.76-12.49 45.25 0L128 402.8V32c0-17.69 14.31-32 32-32s32 14.31 32 32v370.8l73.38-73.38c12.5-12.5 32.75-12.5 45.25 0s12.5 32.75 0 45.25l-128 128c-12.5 12.5-32.75 12.5-45.25 0l-128-128C-3.125 362.1-3.125 341.9 9.375 329.4z\"><\/path><\/svg><\/span><\/a><\/div><\/div>\n<\/div><\/div>\n<\/div>\n<\/div>\n\n\n\n<div style=\"height:40px\" aria-hidden=\"true\" class=\"wp-block-spacer\"><\/div>\n\n\n\n<div id=\"stepone\" class=\"wp-block-uagb-container uagb-block-738491b6 alignwide uagb-is-root-container\">\n<div class=\"wp-block-uagb-container uagb-block-6159528e\">\n<div class=\"wp-block-uagb-info-box uagb-block-df79e7ea uagb-infobox__content-wrap  uagb-infobox-icon-above-title uagb-infobox-image-valign-top\"><div class=\"uagb-ifb-content\"><div class=\"uagb-ifb-title-wrap\"><span class=\"uagb-ifb-title-prefix\">Korak 1 - Pridobivanje strokovnega znanja<\/span><h2 class=\"uagb-ifb-title\">Ujemite, kaj resni\u010dno deluje v delavnici<\/h2><\/div><p class=\"uagb-ifb-desc\">Hitro dokumentirajte postopke iz resni\u010dnega sveta - neposredno od svojih izku\u0161enih delavcev. Z mobilnimi napravami posnemite videoposnetke in fotografije na kraju samem. To neobdelano strokovno znanje postane temelj zanesljivih navodil, ni\u010d ve\u010d ugibanj.<\/p><\/div><\/div>\n\n\n\n<div class=\"wp-block-uagb-buttons uagb-buttons__outer-wrap uagb-btn__default-btn uagb-btn-tablet__default-btn uagb-btn-mobile__default-btn uagb-block-da9e3f1b\"><div class=\"uagb-buttons__wrap uagb-buttons-layout-wrap\">\n<div class=\"wp-block-uagb-buttons-child uagb-buttons__outer-wrap uagb-block-461f65ee wp-block-button\"><div class=\"uagb-button__wrapper\"><a class=\"uagb-buttons-repeater wp-block-button__link\" aria-label=\"\" href=\"#steptwo\" rel=\"follow noopener\" target=\"_self\" role=\"button\"><div class=\"uagb-button__link\">NASLEDNJI KORAK<\/div><span class=\"uagb-button__icon uagb-button__icon-position-after\"><svg xmlns=\"https:\/\/www.w3.org\/2000\/svg\" viewbox=\"0 0 320 512\" aria-hidden=\"true\" focussable=\"false\"><path d=\"M9.375 329.4c12.51-12.51 32.76-12.49 45.25 0L128 402.8V32c0-17.69 14.31-32 32-32s32 14.31 32 32v370.8l73.38-73.38c12.5-12.5 32.75-12.5 45.25 0s12.5 32.75 0 45.25l-128 128c-12.5 12.5-32.75 12.5-45.25 0l-128-128C-3.125 362.1-3.125 341.9 9.375 329.4z\"><\/path><\/svg><\/span><\/a><\/div><\/div>\n<\/div><\/div>\n<\/div>\n\n\n\n<div class=\"wp-block-uagb-container uagb-block-aca4e828\">\n<div class=\"wp-block-uagb-image uagb-block-ce141ba8 wp-block-uagb-image--layout-default wp-block-uagb-image--effect-zoomin wp-block-uagb-image--align-none\"><figure class=\"wp-block-uagb-image__figure\"><img decoding=\"async\" data-srcset=\"https:\/\/rewo.io\/wp-content\/uploads\/2025\/08\/S1.jpg ,https:\/\/rewo.io\/wp-content\/uploads\/2025\/08\/S1.jpg 780w, https:\/\/rewo.io\/wp-content\/uploads\/2025\/08\/S1.jpg 360w\" data-sizes=\"auto, (max-width: 480px) 150px\" data-src=\"https:\/\/rewo.io\/wp-content\/uploads\/2025\/08\/S1.jpg\" alt=\"Mo\u0161ki, ki snema delovni proces\" class=\"uag-image-22085 lazyload\" width=\"600\" height=\"800\" title=\"S1\" role=\"img\" src=\"data:image\/svg+xml;base64,PHN2ZyB3aWR0aD0iMSIgaGVpZ2h0PSIxIiB4bWxucz0iaHR0cDovL3d3dy53My5vcmcvMjAwMC9zdmciPjwvc3ZnPg==\" style=\"--smush-placeholder-width: 600px; --smush-placeholder-aspect-ratio: 600\/800;\" \/><\/figure><\/div>\n<\/div>\n<\/div>\n\n\n\n<div style=\"height:40px\" aria-hidden=\"true\" class=\"wp-block-spacer\"><\/div>\n\n\n\n<div id=\"steptwo\" class=\"wp-block-uagb-container uagb-block-8cabff7d alignwide uagb-is-root-container\">\n<div class=\"wp-block-uagb-container uagb-block-8bcbc6f3\">\n<div class=\"wp-block-uagb-info-box uagb-block-6e950406 uagb-infobox__content-wrap  uagb-infobox-icon-above-title uagb-infobox-image-valign-top\"><div class=\"uagb-ifb-content\"><div class=\"uagb-ifb-title-wrap\"><span class=\"uagb-ifb-title-prefix\">Korak 2 - Ustvarite vizualna navodila<\/span><h2 class=\"uagb-ifb-title\">Znanje spremenite v uporabne vizualne vsebine<\/h2><\/div><p class=\"uagb-ifb-desc\">Preoblikujte zajeto vsebino v jasna, vizualna navodila korak za korakom. S pomo\u010djo videoposnetkov, opomb in vizualnih prikazov, ki jih takoj razumejo, se delavci hitreje u\u010dijo, kar pove\u010duje hitrost usposabljanja in zmanj\u0161uje \u0161tevilo napak.<\/p><\/div><\/div>\n\n\n\n<div class=\"wp-block-uagb-buttons uagb-buttons__outer-wrap uagb-btn__default-btn uagb-btn-tablet__default-btn uagb-btn-mobile__default-btn uagb-block-d5bd5711\"><div class=\"uagb-buttons__wrap uagb-buttons-layout-wrap\">\n<div class=\"wp-block-uagb-buttons-child uagb-buttons__outer-wrap uagb-block-283e6743 wp-block-button\"><div class=\"uagb-button__wrapper\"><a class=\"uagb-buttons-repeater wp-block-button__link\" aria-label=\"\" href=\"#stepthree\" rel=\"follow noopener\" target=\"_self\" role=\"button\"><div class=\"uagb-button__link\">NASLEDNJI KORAK<\/div><span class=\"uagb-button__icon uagb-button__icon-position-after\"><svg xmlns=\"https:\/\/www.w3.org\/2000\/svg\" viewbox=\"0 0 320 512\" aria-hidden=\"true\" focussable=\"false\"><path d=\"M9.375 329.4c12.51-12.51 32.76-12.49 45.25 0L128 402.8V32c0-17.69 14.31-32 32-32s32 14.31 32 32v370.8l73.38-73.38c12.5-12.5 32.75-12.5 45.25 0s12.5 32.75 0 45.25l-128 128c-12.5 12.5-32.75 12.5-45.25 0l-128-128C-3.125 362.1-3.125 341.9 9.375 329.4z\"><\/path><\/svg><\/span><\/a><\/div><\/div>\n<\/div><\/div>\n<\/div>\n\n\n\n<div class=\"wp-block-uagb-container uagb-block-b99cd6e4\">\n<div class=\"wp-block-uagb-image uagb-block-1ab47582 wp-block-uagb-image--layout-default wp-block-uagb-image--effect-zoomin wp-block-uagb-image--align-none\"><figure class=\"wp-block-uagb-image__figure\"><img decoding=\"async\" data-srcset=\"https:\/\/rewo.io\/wp-content\/uploads\/2025\/08\/S2.jpg ,https:\/\/rewo.io\/wp-content\/uploads\/2025\/08\/S2.jpg 780w, https:\/\/rewo.io\/wp-content\/uploads\/2025\/08\/S2.jpg 360w\" data-sizes=\"auto, (max-width: 480px) 150px\" data-src=\"https:\/\/rewo.io\/wp-content\/uploads\/2025\/08\/S2.jpg\" alt=\"Mo\u0161ki, ki dela na prenosnem ra\u010dunalniku\" class=\"uag-image-22086 lazyload\" width=\"600\" height=\"800\" title=\"S2\" role=\"img\" src=\"data:image\/svg+xml;base64,PHN2ZyB3aWR0aD0iMSIgaGVpZ2h0PSIxIiB4bWxucz0iaHR0cDovL3d3dy53My5vcmcvMjAwMC9zdmciPjwvc3ZnPg==\" style=\"--smush-placeholder-width: 600px; --smush-placeholder-aspect-ratio: 600\/800;\" \/><\/figure><\/div>\n<\/div>\n<\/div>\n\n\n\n<div style=\"height:40px\" aria-hidden=\"true\" class=\"wp-block-spacer\"><\/div>\n\n\n\n<div id=\"stepthree\" class=\"wp-block-uagb-container uagb-block-84d070f8 alignwide uagb-is-root-container\">\n<div class=\"wp-block-uagb-container uagb-block-d561cf4f\">\n<div class=\"wp-block-uagb-info-box uagb-block-82aad0ae uagb-infobox__content-wrap  uagb-infobox-icon-above-title uagb-infobox-image-valign-top\"><div class=\"uagb-ifb-content\"><div class=\"uagb-ifb-title-wrap\"><span class=\"uagb-ifb-title-prefix\">Korak 3 - samodejno distribuiranje, prevajanje in posodabljanje<\/span><h2 class=\"uagb-ifb-title\">Samodejno posodabljanje, prevajanje in dostavljanje navodil<\/h2><\/div><p class=\"uagb-ifb-desc\">Po odobritvi REWO samodejno posodablja, distribuira in prevaja navodila v kateri koli jezik. Brez tiskanja in ponovnega nalaganja. Ekipe imajo vedno na voljo najnovej\u0161o razli\u010dico v kateri koli napravi - v svojem maternem jeziku.<\/p><\/div><\/div>\n\n\n\n<div class=\"wp-block-uagb-buttons uagb-buttons__outer-wrap uagb-btn__default-btn uagb-btn-tablet__default-btn uagb-btn-mobile__default-btn uagb-block-5b8890e9\"><div class=\"uagb-buttons__wrap uagb-buttons-layout-wrap\">\n<div class=\"wp-block-uagb-buttons-child uagb-buttons__outer-wrap uagb-block-1edbea49 wp-block-button\"><div class=\"uagb-button__wrapper\"><a class=\"uagb-buttons-repeater wp-block-button__link\" aria-label=\"\" href=\"#stepfour\" rel=\"follow noopener\" target=\"_self\" role=\"button\"><div class=\"uagb-button__link\">NASLEDNJI KORAK<\/div><span class=\"uagb-button__icon uagb-button__icon-position-after\"><svg xmlns=\"https:\/\/www.w3.org\/2000\/svg\" viewbox=\"0 0 320 512\" aria-hidden=\"true\" focussable=\"false\"><path d=\"M9.375 329.4c12.51-12.51 32.76-12.49 45.25 0L128 402.8V32c0-17.69 14.31-32 32-32s32 14.31 32 32v370.8l73.38-73.38c12.5-12.5 32.75-12.5 45.25 0s12.5 32.75 0 45.25l-128 128c-12.5 12.5-32.75 12.5-45.25 0l-128-128C-3.125 362.1-3.125 341.9 9.375 329.4z\"><\/path><\/svg><\/span><\/a><\/div><\/div>\n<\/div><\/div>\n<\/div>\n\n\n\n<div class=\"wp-block-uagb-container uagb-block-2eb80f7f\">\n<div class=\"wp-block-uagb-image uagb-block-895b2d0f wp-block-uagb-image--layout-default wp-block-uagb-image--effect-zoomin wp-block-uagb-image--align-none\"><figure class=\"wp-block-uagb-image__figure\"><img decoding=\"async\" data-srcset=\"https:\/\/rewo.io\/wp-content\/uploads\/2025\/08\/S3.jpg ,https:\/\/rewo.io\/wp-content\/uploads\/2025\/08\/S3.jpg 780w, https:\/\/rewo.io\/wp-content\/uploads\/2025\/08\/S3.jpg 360w\" data-sizes=\"auto, (max-width: 480px) 150px\" data-src=\"https:\/\/rewo.io\/wp-content\/uploads\/2025\/08\/S3.jpg\" alt=\"Stre\u017enik\" class=\"uag-image-22088 lazyload\" width=\"600\" height=\"800\" title=\"S3\" role=\"img\" src=\"data:image\/svg+xml;base64,PHN2ZyB3aWR0aD0iMSIgaGVpZ2h0PSIxIiB4bWxucz0iaHR0cDovL3d3dy53My5vcmcvMjAwMC9zdmciPjwvc3ZnPg==\" style=\"--smush-placeholder-width: 600px; --smush-placeholder-aspect-ratio: 600\/800;\" \/><\/figure><\/div>\n<\/div>\n<\/div>\n\n\n\n<div style=\"height:40px\" aria-hidden=\"true\" class=\"wp-block-spacer\"><\/div>\n\n\n\n<div id=\"stepfour\" class=\"wp-block-uagb-container uagb-block-9dd1f9bd alignwide uagb-is-root-container\">\n<div class=\"wp-block-uagb-container uagb-block-7b141ea9\">\n<div class=\"wp-block-uagb-info-box uagb-block-7d42a2e4 uagb-infobox__content-wrap  uagb-infobox-icon-above-title uagb-infobox-image-valign-top\"><div class=\"uagb-ifb-content\"><div class=\"uagb-ifb-title-wrap\"><span class=\"uagb-ifb-title-prefix\">4. korak - zanesljiv prenos znanja<\/span><h2 class=\"uagb-ifb-title\">Usposabljanje vsakogar, da deluje kot strokovnjak<\/h2><\/div><p class=\"uagb-ifb-desc\">S standardiziranimi vizualnimi navodili za delo lahko brez te\u017eav usposabljate delavce, tudi tiste brez predhodnih izku\u0161enj. Ustvarite strukturirane u\u010dne poti z vgrajenimi kvizi, obrazci za povratne informacije in spremljanjem napredka. Ne glede na to, ali gre za uvajanje novega osebja ali izpopolnjevanje obstoje\u010dega, REWO zagotavlja dosledno delovanje na ravni strokovnjakov v celotni ekipi.<\/p><\/div><\/div>\n\n\n\n<div class=\"wp-block-uagb-buttons uagb-buttons__outer-wrap uagb-btn__default-btn uagb-btn-tablet__default-btn uagb-btn-mobile__default-btn uagb-block-5bd25d9a\"><div class=\"uagb-buttons__wrap uagb-buttons-layout-wrap\">\n<div class=\"wp-block-uagb-buttons-child uagb-buttons__outer-wrap uagb-block-ab99a8d1 wp-block-button\"><div class=\"uagb-button__wrapper\"><a class=\"uagb-buttons-repeater wp-block-button__link\" aria-label=\"\" href=\"#stepfive\" rel=\"follow noopener\" target=\"_self\" role=\"button\"><div class=\"uagb-button__link\">NASLEDNJI KORAK<\/div><span class=\"uagb-button__icon uagb-button__icon-position-after\"><svg xmlns=\"https:\/\/www.w3.org\/2000\/svg\" viewbox=\"0 0 320 512\" aria-hidden=\"true\" focussable=\"false\"><path d=\"M9.375 329.4c12.51-12.51 32.76-12.49 45.25 0L128 402.8V32c0-17.69 14.31-32 32-32s32 14.31 32 32v370.8l73.38-73.38c12.5-12.5 32.75-12.5 45.25 0s12.5 32.75 0 45.25l-128 128c-12.5 12.5-32.75 12.5-45.25 0l-128-128C-3.125 362.1-3.125 341.9 9.375 329.4z\"><\/path><\/svg><\/span><\/a><\/div><\/div>\n<\/div><\/div>\n<\/div>\n\n\n\n<div class=\"wp-block-uagb-container uagb-block-448940b9\">\n<div class=\"wp-block-uagb-image uagb-block-a090798d wp-block-uagb-image--layout-default wp-block-uagb-image--effect-zoomin wp-block-uagb-image--align-none\"><figure class=\"wp-block-uagb-image__figure\"><img decoding=\"async\" data-srcset=\"https:\/\/rewo.io\/wp-content\/uploads\/2025\/08\/S4.jpg ,https:\/\/rewo.io\/wp-content\/uploads\/2025\/08\/S4.jpg 780w, https:\/\/rewo.io\/wp-content\/uploads\/2025\/08\/S4.jpg 360w\" data-sizes=\"auto, (max-width: 480px) 150px\" data-src=\"https:\/\/rewo.io\/wp-content\/uploads\/2025\/08\/S4.jpg\" alt=\"Mo\u0161ki, ki gleda navodila za delo\" class=\"uag-image-22089 lazyload\" width=\"600\" height=\"800\" title=\"S4\" role=\"img\" src=\"data:image\/svg+xml;base64,PHN2ZyB3aWR0aD0iMSIgaGVpZ2h0PSIxIiB4bWxucz0iaHR0cDovL3d3dy53My5vcmcvMjAwMC9zdmciPjwvc3ZnPg==\" style=\"--smush-placeholder-width: 600px; --smush-placeholder-aspect-ratio: 600\/800;\" \/><\/figure><\/div>\n<\/div>\n<\/div>\n\n\n\n<div style=\"height:40px\" aria-hidden=\"true\" class=\"wp-block-spacer\"><\/div>\n\n\n\n<div id=\"stepfive\" class=\"wp-block-uagb-container uagb-block-2f934407 alignwide uagb-is-root-container\">\n<div class=\"wp-block-uagb-container uagb-block-1a6a5bb8\">\n<div class=\"wp-block-uagb-info-box uagb-block-1d9993ce uagb-infobox__content-wrap  uagb-infobox-icon-above-title uagb-infobox-image-valign-top\"><div class=\"uagb-ifb-content\"><div class=\"uagb-ifb-title-wrap\"><span class=\"uagb-ifb-title-prefix\">Korak 5 - Ustvarite \u017eivo bazo znanja<\/span><h2 class=\"uagb-ifb-title\">Ohranjanje znanja in dostopnosti<\/h2><\/div><p class=\"uagb-ifb-desc\">Vsako navodilo, te\u010daj ali priro\u010dnik, ki ga ustvarite, postane del centralizirane baze znanja, po kateri je mogo\u010de iskati. Nikoli ne izgubite klju\u010dnega znanja in izku\u0161enj, ko se ljudje upokojijo ali odidejo. U\u010denje naj bo neprekinjeno in dostopno v celotnem podjetju.<\/p><\/div><\/div>\n\n\n\n<div class=\"wp-block-uagb-buttons uagb-buttons__outer-wrap uagb-btn__default-btn uagb-btn-tablet__default-btn uagb-btn-mobile__default-btn uagb-block-839c3732\"><div class=\"uagb-buttons__wrap uagb-buttons-layout-wrap\">\n<div class=\"wp-block-uagb-buttons-child uagb-buttons__outer-wrap uagb-block-51bf0548 wp-block-button\"><div class=\"uagb-button__wrapper\"><a class=\"uagb-buttons-repeater wp-block-button__link\" aria-label=\"\" href=\"https:\/\/rewo.io\/sl\/obrazec\/\" rel=\"follow noopener\" target=\"_self\" role=\"button\"><span class=\"uagb-button__icon uagb-button__icon-position-before\"><svg xmlns=\"https:\/\/www.w3.org\/2000\/svg\" viewbox=\"0 0 448 512\" aria-hidden=\"true\" focussable=\"false\"><path d=\"M438.6 278.6l-160 160C272.4 444.9 264.2 448 256 448s-16.38-3.125-22.62-9.375c-12.5-12.5-12.5-32.75 0-45.25L338.8 288H32C14.33 288 .0016 273.7 .0016 256S14.33 224 32 224h306.8l-105.4-105.4c-12.5-12.5-12.5-32.75 0-45.25s32.75-12.5 45.25 0l160 160C451.1 245.9 451.1 266.1 438.6 278.6z\"><\/path><\/svg><\/span><div class=\"uagb-button__link\">REZERVIRAJTE DEMO<\/div><\/a><\/div><\/div>\n<\/div><\/div>\n<\/div>\n\n\n\n<div class=\"wp-block-uagb-container uagb-block-0e7f8823\">\n<div class=\"wp-block-uagb-image uagb-block-81bc7ff9 wp-block-uagb-image--layout-default wp-block-uagb-image--effect-zoomin wp-block-uagb-image--align-none\"><figure class=\"wp-block-uagb-image__figure\"><img decoding=\"async\" data-srcset=\"https:\/\/rewo.io\/wp-content\/uploads\/2025\/08\/S5.jpg ,https:\/\/rewo.io\/wp-content\/uploads\/2025\/08\/S5.jpg 780w, https:\/\/rewo.io\/wp-content\/uploads\/2025\/08\/S5.jpg 360w\" data-sizes=\"auto, (max-width: 480px) 150px\" data-src=\"https:\/\/rewo.io\/wp-content\/uploads\/2025\/08\/S5.jpg\" alt=\"Skupina delavcev v tovarni\" class=\"uag-image-22090 lazyload\" width=\"600\" height=\"800\" title=\"S5\" role=\"img\" src=\"data:image\/svg+xml;base64,PHN2ZyB3aWR0aD0iMSIgaGVpZ2h0PSIxIiB4bWxucz0iaHR0cDovL3d3dy53My5vcmcvMjAwMC9zdmciPjwvc3ZnPg==\" style=\"--smush-placeholder-width: 600px; --smush-placeholder-aspect-ratio: 600\/800;\" \/><\/figure><\/div>\n<\/div>\n<\/div>\n\n\n\n<div style=\"height:40px\" aria-hidden=\"true\" class=\"wp-block-spacer\"><\/div>\n\n\n\n<div class=\"wp-block-uagb-container uagb-block-fa8cb3bf alignwide uagb-is-root-container\">\n<div class=\"wp-block-uagb-container uagb-block-7f75b6ec\">\n<div class=\"wp-block-uagb-info-box uagb-block-6d523725 uagb-infobox__content-wrap  uagb-infobox-icon-above-title uagb-infobox-image-valign-top\"><div class=\"uagb-ifb-content\"><div class=\"uagb-ifb-title-wrap\"><h1 class=\"uagb-ifb-title\">Pametno, varno in u\u010dinkovito.<\/h1><\/div><p class=\"uagb-ifb-desc\">Podjetje REWO so izdelali proizvajalci za proizvajalce. Rezervirajte predstavitev in si ga oglejte \u0161e danes!<\/p><\/div><\/div>\n\n\n\n<div class=\"wp-block-uagb-buttons uagb-buttons__outer-wrap uagb-btn__default-btn uagb-btn-tablet__default-btn uagb-btn-mobile__default-btn uagb-block-cc79c109\"><div class=\"uagb-buttons__wrap uagb-buttons-layout-wrap\">\n<div class=\"wp-block-uagb-buttons-child uagb-buttons__outer-wrap uagb-block-cafd2dc6 wp-block-button\"><div class=\"uagb-button__wrapper\"><a class=\"uagb-buttons-repeater wp-block-button__link\" aria-label=\"\" href=\"https:\/\/rewo.io\/sl\/obrazec\/\" rel=\"follow noopener\" target=\"_self\" role=\"button\"><div class=\"uagb-button__link\">REZERVIRAJTE DEMO ZDAJ<\/div><\/a><\/div><\/div>\n\n\n\n<div class=\"wp-block-uagb-buttons-child uagb-buttons__outer-wrap uagb-block-aa94abf8 wp-block-button\"><div class=\"uagb-button__wrapper\"><a class=\"uagb-buttons-repeater wp-block-button__link\" aria-label=\"\" href=\"https:\/\/rewo.io\/sl\/znacilnosti-izdelka\/\" rel=\"follow noopener\" target=\"_self\" role=\"button\"><div class=\"uagb-button__link\">ZNA\u010cILNOSTI IZDELKA<\/div><\/a><\/div><\/div>\n<\/div><\/div>\n<\/div>\n<\/div>","protected":false},"excerpt":{"rendered":"","protected":false},"author":2,"featured_media":0,"parent":0,"menu_order":0,"comment_status":"closed","ping_status":"closed","template":"","meta":{"content-type":"","_uag_custom_page_level_css":"","site-sidebar-layout":"default","site-content-layout":"plain-container","ast-site-content-layout":"normal-width-container","site-content-style":"unboxed","site-sidebar-style":"unboxed","ast-global-header-display":"","ast-banner-title-visibility":"","ast-main-header-display":"","ast-hfb-above-header-display":"","ast-hfb-below-header-display":"","ast-hfb-mobile-header-display":"","site-post-title":"disabled","ast-breadcrumbs-content":"","ast-featured-img":"","footer-sml-layout":"","ast-disable-related-posts":"","theme-transparent-header-meta":"","adv-header-id-meta":"","stick-header-meta":"","header-above-stick-meta":"","header-main-stick-meta":"","header-below-stick-meta":"","astra-migrate-meta-layouts":"set","ast-page-background-enabled":"default","ast-page-background-meta":{"desktop":{"background-color":"","background-image":"","background-repeat":"repeat","background-position":"center center","background-size":"auto","background-attachment":"scroll","background-type":"","background-media":"","overlay-type":"","overlay-color":"","overlay-opacity":"","overlay-gradient":""},"tablet":{"background-color":"","background-image":"","background-repeat":"repeat","background-position":"center center","background-size":"auto","background-attachment":"scroll","background-type":"","background-media":"","overlay-type":"","overlay-color":"","overlay-opacity":"","overlay-gradient":""},"mobile":{"background-color":"","background-image":"","background-repeat":"repeat","background-position":"center center","background-size":"auto","background-attachment":"scroll","background-type":"","background-media":"","overlay-type":"","overlay-color":"","overlay-opacity":"","overlay-gradient":""}},"ast-content-background-meta":{"desktop":{"background-color":"var(--ast-global-color-5)","background-image":"","background-repeat":"repeat","background-position":"center center","background-size":"auto","background-attachment":"scroll","background-type":"","background-media":"","overlay-type":"","overlay-color":"","overlay-opacity":"","overlay-gradient":""},"tablet":{"background-color":"var(--ast-global-color-5)","background-image":"","background-repeat":"repeat","background-position":"center center","background-size":"auto","background-attachment":"scroll","background-type":"","background-media":"","overlay-type":"","overlay-color":"","overlay-opacity":"","overlay-gradient":""},"mobile":{"background-color":"var(--ast-global-color-5)","background-image":"","background-repeat":"repeat","background-position":"center center","background-size":"auto","background-attachment":"scroll","background-type":"","background-media":"","overlay-type":"","overlay-color":"","overlay-opacity":"","overlay-gradient":""}},"footnotes":""},"folder":[],"class_list":["post-9509","page","type-page","status-publish","hentry"],"uagb_featured_image_src":{"full":false,"thumbnail":false,"medium":false,"medium_large":false,"large":false,"1536x1536":false,"2048x2048":false,"trp-custom-language-flag":false},"uagb_author_info":{"display_name":"VIAR","author_link":"https:\/\/rewo.io\/sl\/author\/viar\/"},"uagb_comment_info":0,"uagb_excerpt":null,"_links":{"self":[{"href":"https:\/\/rewo.io\/sl\/wp-json\/wp\/v2\/pages\/9509","targetHints":{"allow":["GET"]}}],"collection":[{"href":"https:\/\/rewo.io\/sl\/wp-json\/wp\/v2\/pages"}],"about":[{"href":"https:\/\/rewo.io\/sl\/wp-json\/wp\/v2\/types\/page"}],"author":[{"embeddable":true,"href":"https:\/\/rewo.io\/sl\/wp-json\/wp\/v2\/users\/2"}],"replies":[{"embeddable":true,"href":"https:\/\/rewo.io\/sl\/wp-json\/wp\/v2\/comments?post=9509"}],"version-history":[{"count":0,"href":"https:\/\/rewo.io\/sl\/wp-json\/wp\/v2\/pages\/9509\/revisions"}],"wp:attachment":[{"href":"https:\/\/rewo.io\/sl\/wp-json\/wp\/v2\/media?parent=9509"}],"wp:term":[{"taxonomy":"folder","embeddable":true,"href":"https:\/\/rewo.io\/sl\/wp-json\/wp\/v2\/folder?post=9509"}],"curies":[{"name":"wp","href":"https:\/\/api.w.org\/{rel}","templated":true}]}}